{"id":23,"date":"2025-10-25T17:36:11","date_gmt":"2025-10-25T16:36:11","guid":{"rendered":"https:\/\/chloelucielle.com\/fr\/?page_id=23"},"modified":"2025-11-03T12:39:27","modified_gmt":"2025-11-03T12:39:27","slug":"contact","status":"publish","type":"page","link":"https:\/\/chloelucielle.com\/fr\/contact\/","title":{"rendered":"Contact"},"content":{"rendered":"<div id=\"pl-23\"  class=\"panel-layout\" ><div id=\"pg-23-0\"  class=\"panel-grid panel-has-style\" ><div class=\"siteorigin-panels-stretch panel-row-style panel-row-style-for-23-0\" id=\"contact-2\" data-stretch-type=\"full\" ><div id=\"pgc-23-0-0\"  class=\"panel-grid-cell\" ><div class=\"panel-cell-style panel-cell-style-for-23-0-0\" ><div id=\"panel-23-0-0-0\" class=\"so-panel widget widget_sow-headline panel-first-child\" data-index=\"0\" ><div class=\"panel-widget-style panel-widget-style-for-23-0-0-0\" ><div\n\t\t\t\n\t\t\tclass=\"so-widget-sow-headline so-widget-sow-headline-default-b040ce41e6b8-23\"\n\t\t\t\n\t\t><div class=\"sow-headline-container \">\n\t\t\t\t\t\t\t<h1 class=\"sow-headline\">\n\t\t\t\t\t\tContacter Chlo\u00e9 Lucielle\t\t\t\t\t\t<\/h1>\n\t\t\t\t\t\t\t\t\t\t\t<div class=\"decoration\">\n\t\t\t\t\t\t<div class=\"decoration-inside\"><\/div>\n\t\t\t\t\t<\/div>\n\t\t\t\t\t\t\t\t\t\t\t<p class=\"sow-sub-headline\">\n\t\t\t\t\t\tPour contacter Chlo\u00e9 Lucielle, veuillez remplir le formulaire ci-dessous. Un repr\u00e9sentant vous r\u00e9pondra dans les plus brefs d\u00e9lais. Vous pouvez \u00e9galement envoyer un e-mail \u00e0 l'adresse suivante : management@darwinbeats.com.\t\t\t\t\t\t<\/p>\n\t\t\t\t\t\t<\/div>\n<\/div><\/div><\/div><div id=\"panel-23-0-0-1\" class=\"so-panel widget widget_sow-editor panel-last-child\" data-index=\"1\" ><div class=\"panel-widget-style panel-widget-style-for-23-0-0-1\" ><div\n\t\t\t\n\t\t\tclass=\"so-widget-sow-editor so-widget-sow-editor-base\"\n\t\t\t\n\t\t>\n<div class=\"siteorigin-widget-tinymce textwidget\">\n\t<style id=\"wpforms-css-vars-142\">\n\t\t\t\t#wpforms-142 {\n\t\t\t\t--wpforms-container-padding: 0px;\n--wpforms-container-border-width: 1px;\n--wpforms-container-border-radius: 3px;\n--wpforms-background-color: rgba(0, 0, 0, 0);\n--wpforms-field-size-input-height: 43px;\n--wpforms-field-size-input-spacing: 15px;\n--wpforms-field-size-font-size: 16px;\n--wpforms-field-size-line-height: 19px;\n--wpforms-field-size-padding-h: 14px;\n--wpforms-field-size-checkbox-size: 16px;\n--wpforms-field-size-sublabel-spacing: 5px;\n--wpforms-field-size-icon-size: 1;\n--wpforms-label-size-font-size: 16px;\n--wpforms-label-size-line-height: 19px;\n--wpforms-label-size-sublabel-font-size: 14px;\n--wpforms-label-size-sublabel-line-height: 17px;\n--wpforms-button-size-font-size: 17px;\n--wpforms-button-size-height: 41px;\n--wpforms-button-size-padding-h: 15px;\n--wpforms-button-size-margin-top: 10px;\n--wpforms-container-shadow-size-box-shadow: none;\n\t\t\t}\n\t\t\t<\/style><div class=\"wpforms-container wpforms-container-full wpforms-render-modern\" id=\"wpforms-142\"><form id=\"wpforms-form-142\" class=\"wpforms-validate wpforms-form wpforms-ajax-form\" data-formid=\"142\" method=\"post\" enctype=\"multipart\/form-data\" action=\"\/fr\/wp-json\/wp\/v2\/pages\/23\" data-token=\"3b5fa681d032c3e32b107ffd996e68f8\" data-token-time=\"1775607306\"><noscript class=\"wpforms-error-noscript\">Veuillez activer JavaScript dans votre navigateur pour remplir ce formulaire.<\/noscript><div id=\"wpforms-error-noscript\" style=\"display: none;\">Veuillez activer JavaScript dans votre navigateur pour remplir ce formulaire.<\/div><div class=\"wpforms-field-container\"><div id=\"wpforms-142-field_1-container\" class=\"wpforms-field wpforms-field-name\" data-field-id=\"1\"><label class=\"wpforms-field-label\" for=\"wpforms-142-field_1\">Nom et pr\u00e9nom <span class=\"wpforms-required-label\" aria-hidden=\"true\">*<\/span><\/label><input type=\"text\" id=\"wpforms-142-field_1\" class=\"wpforms-field-medium wpforms-field-required\" name=\"wpforms[fields][1]\" aria-errormessage=\"wpforms-142-field_1-error\" required><\/div><div id=\"wpforms-142-field_2-container\" class=\"wpforms-field wpforms-field-email\" data-field-id=\"2\"><label class=\"wpforms-field-label\" for=\"wpforms-142-field_2\">E-mail <span class=\"wpforms-required-label\" aria-hidden=\"true\">*<\/span><\/label><input type=\"email\" id=\"wpforms-142-field_2\" class=\"wpforms-field-medium wpforms-field-required\" name=\"wpforms[fields][2]\" spellcheck=\"false\" aria-errormessage=\"wpforms-142-field_2-error\" required><\/div>\t\t<div id=\"wpforms-142-field_4-container\"\n\t\t\tclass=\"wpforms-field wpforms-field-text\"\n\t\t\tdata-field-type=\"text\"\n\t\t\tdata-field-id=\"4\"\n\t\t\t>\n\t\t\t<label class=\"wpforms-field-label\" for=\"wpforms-142-field_4\" >pr\u00e9nom Nom un<\/label>\n\t\t\t<input type=\"text\" id=\"wpforms-142-field_4\" class=\"wpforms-field-medium\" name=\"wpforms[fields][4]\" >\n\t\t<\/div>\n\t\t<div id=\"wpforms-142-field_3-container\" class=\"wpforms-field wpforms-field-textarea\" data-field-id=\"3\"><label class=\"wpforms-field-label\" for=\"wpforms-142-field_3\">Laisser un message <span class=\"wpforms-required-label\" aria-hidden=\"true\">*<\/span><\/label><textarea id=\"wpforms-142-field_3\" class=\"wpforms-field-medium wpforms-field-required\" name=\"wpforms[fields][3]\" aria-errormessage=\"wpforms-142-field_3-error\" required><\/textarea><\/div><script>\n\t\t\t\t( function() {\n\t\t\t\t\tconst style = document.createElement( 'style' );\n\t\t\t\t\tstyle.appendChild( document.createTextNode( '#wpforms-142-field_4-container { position: absolute !important; overflow: hidden !important; display: inline !important; height: 1px !important; width: 1px !important; z-index: -1000 !important; padding: 0 !important; } #wpforms-142-field_4-container input { visibility: hidden; } #wpforms-conversational-form-page #wpforms-142-field_4-container label { counter-increment: none; }' ) );\n\t\t\t\t\tdocument.head.appendChild( style );\n\t\t\t\t\tdocument.currentScript?.remove();\n\t\t\t\t} )();\n\t\t\t<\/script><\/div><!-- .wpforms-field-container --><div class=\"wpforms-recaptcha-container wpforms-is-turnstile\" ><div class=\"cf-turnstile\" data-sitekey=\"0x4AAAAAAB-cutApHP991c4T\" data-action=\"FormID-142\"><\/div><input type=\"text\" name=\"g-recaptcha-hidden\" class=\"wpforms-recaptcha-hidden\" style=\"position:absolute!important;clip:rect(0,0,0,0)!important;height:1px!important;width:1px!important;border:0!important;overflow:hidden!important;padding:0!important;margin:0!important;\" data-rule-turnstile=\"1\"><\/div><div class=\"wpforms-submit-container\" ><input type=\"hidden\" name=\"wpforms[id]\" value=\"142\"><input type=\"hidden\" name=\"page_title\" value=\"\"><input type=\"hidden\" name=\"page_url\" value=\"https:\/\/chloelucielle.com\/fr\/wp-json\/wp\/v2\/pages\/23\"><input type=\"hidden\" name=\"url_referer\" value=\"\"><button type=\"submit\" name=\"wpforms[submit]\" id=\"wpforms-submit-142\" class=\"wpforms-submit\" data-alt-text=\"Envoi...\" data-submit-text=\"Envoyer\" aria-live=\"assertive\" value=\"wpforms-submit\">Envoyer<\/button><img loading=\"lazy\" decoding=\"async\" src=\"https:\/\/chloelucielle.com\/fr\/wp-content\/plugins\/wpforms-lite\/assets\/images\/submit-spin.svg\" class=\"wpforms-submit-spinner\" style=\"display: none;\" width=\"26\" height=\"26\" alt=\"Chargement en cours\"><\/div><\/form><\/div>  <!-- .wpforms-container -->\n<\/div>\n<\/div><\/div><\/div><\/div><\/div><div id=\"pgc-23-0-1\"  class=\"panel-grid-cell\" ><div id=\"panel-23-0-1-0\" class=\"so-panel widget widget_sow-editor panel-first-child panel-last-child\" data-index=\"2\" ><div class=\"panel-widget-style panel-widget-style-for-23-0-1-0\" ><div\n\t\t\t\n\t\t\tclass=\"so-widget-sow-editor so-widget-sow-editor-base\"\n\t\t\t\n\t\t>\n<div class=\"siteorigin-widget-tinymce textwidget\">\n\t<p><img loading=\"lazy\" decoding=\"async\" src=\"https:\/\/chloelucielle.com\/fr\/wp-content\/uploads\/2025\/10\/Chloe-Lucielle-pensive.jpg\" alt=\"\" width=\"1013\" height=\"864\" class=\"alignnone size-full wp-image-64\" srcset=\"https:\/\/chloelucielle.com\/fr\/wp-content\/uploads\/2025\/10\/Chloe-Lucielle-pensive.jpg 1013w, https:\/\/chloelucielle.com\/fr\/wp-content\/uploads\/2025\/10\/Chloe-Lucielle-pensive-300x256.jpg 300w, https:\/\/chloelucielle.com\/fr\/wp-content\/uploads\/2025\/10\/Chloe-Lucielle-pensive-768x655.jpg 768w\" sizes=\"auto, (max-width: 1013px) 100vw, 1013px\" \/><\/p>\n<\/div>\n<\/div><\/div><\/div><\/div><\/div><\/div><\/div>","protected":false},"excerpt":{"rendered":"<p>Contacter Chlo\u00e9 Lucielle Pour contacter Chlo\u00e9 Lucielle, veuillez remplir le formulaire ci-dessous. Un repr\u00e9sentant vous r\u00e9pondra dans les plus brefs d\u00e9lais. Vous pouvez \u00e9galement envoyer un e-mail \u00e0 l&rsquo;adresse suivante : management@darwinbeats.com. Veuillez activer JavaScript dans votre navigateur pour remplir ce formulaire.Veuillez activer JavaScript dans votre navigateur pour remplir ce formulaire.Nom et pr\u00e9nom * Laisser&hellip; <br \/> <a class=\"read-more\" href=\"https:\/\/chloelucielle.com\/fr\/contact\/\">Lire la suite<\/a><\/p>\n","protected":false},"author":1,"featured_media":64,"parent":0,"menu_order":0,"comment_status":"closed","ping_status":"closed","template":"","meta":{"inline_featured_image":false,"footnotes":""},"class_list":["post-23","page","type-page","status-publish","has-post-thumbnail","hentry"],"yoast_head":"<!-- This site is optimized with the Yoast SEO plugin v26.4 - https:\/\/yoast.com\/wordpress\/plugins\/seo\/ -->\n<title>Contact - Chlo\u00e9 Lucielle<\/title>\n<meta name=\"description\" content=\"Contactez Chlo\u00e9 Lucielle \u00e0 l&#039;aide du formulaire disponible sur cette page pour toute collaboration, demande commerciale ou autre.\" \/>\n<meta name=\"robots\" content=\"index, follow, max-snippet:-1, max-image-preview:large, max-video-preview:-1\" \/>\n<link rel=\"canonical\" href=\"https:\/\/chloelucielle.com\/fr\/contact\/\" \/>\n<meta property=\"og:locale\" content=\"fr_FR\" \/>\n<meta property=\"og:type\" content=\"article\" \/>\n<meta property=\"og:title\" content=\"Contact - Chlo\u00e9 Lucielle\" \/>\n<meta property=\"og:description\" content=\"Contactez Chlo\u00e9 Lucielle \u00e0 l&#039;aide du formulaire disponible sur cette page pour toute collaboration, demande commerciale ou autre.\" \/>\n<meta property=\"og:url\" content=\"https:\/\/chloelucielle.com\/fr\/contact\/\" \/>\n<meta property=\"og:site_name\" content=\"Chlo\u00e9 Lucielle\" \/>\n<meta property=\"article:modified_time\" content=\"2025-11-03T12:39:27+00:00\" \/>\n<meta property=\"og:image\" content=\"https:\/\/chloelucielle.com\/fr\/wp-content\/uploads\/2025\/10\/Chloe-Lucielle-pensive.jpg\" \/>\n\t<meta property=\"og:image:width\" content=\"1013\" \/>\n\t<meta property=\"og:image:height\" content=\"864\" \/>\n\t<meta property=\"og:image:type\" content=\"image\/jpeg\" \/>\n<meta name=\"twitter:card\" content=\"summary_large_image\" \/>\n<meta name=\"twitter:label1\" content=\"Dur\u00e9e de lecture estim\u00e9e\" \/>\n\t<meta name=\"twitter:data1\" content=\"1 minute\" \/>\n<script type=\"application\/ld+json\" class=\"yoast-schema-graph\">{\"@context\":\"https:\/\/schema.org\",\"@graph\":[{\"@type\":\"WebPage\",\"@id\":\"https:\/\/chloelucielle.com\/fr\/contact\/\",\"url\":\"https:\/\/chloelucielle.com\/fr\/contact\/\",\"name\":\"Contact - Chlo\u00e9 Lucielle\",\"isPartOf\":{\"@id\":\"https:\/\/chloelucielle.com\/fr\/#website\"},\"primaryImageOfPage\":{\"@id\":\"https:\/\/chloelucielle.com\/fr\/contact\/#primaryimage\"},\"image\":{\"@id\":\"https:\/\/chloelucielle.com\/fr\/contact\/#primaryimage\"},\"thumbnailUrl\":\"https:\/\/chloelucielle.com\/fr\/wp-content\/uploads\/2025\/10\/Chloe-Lucielle-pensive.jpg\",\"datePublished\":\"2025-10-25T16:36:11+00:00\",\"dateModified\":\"2025-11-03T12:39:27+00:00\",\"description\":\"Contactez Chlo\u00e9 Lucielle \u00e0 l'aide du formulaire disponible sur cette page pour toute collaboration, demande commerciale ou autre.\",\"breadcrumb\":{\"@id\":\"https:\/\/chloelucielle.com\/fr\/contact\/#breadcrumb\"},\"inLanguage\":\"fr-FR\",\"potentialAction\":[{\"@type\":\"ReadAction\",\"target\":[\"https:\/\/chloelucielle.com\/fr\/contact\/\"]}]},{\"@type\":\"ImageObject\",\"inLanguage\":\"fr-FR\",\"@id\":\"https:\/\/chloelucielle.com\/fr\/contact\/#primaryimage\",\"url\":\"https:\/\/chloelucielle.com\/fr\/wp-content\/uploads\/2025\/10\/Chloe-Lucielle-pensive.jpg\",\"contentUrl\":\"https:\/\/chloelucielle.com\/fr\/wp-content\/uploads\/2025\/10\/Chloe-Lucielle-pensive.jpg\",\"width\":1013,\"height\":864},{\"@type\":\"BreadcrumbList\",\"@id\":\"https:\/\/chloelucielle.com\/fr\/contact\/#breadcrumb\",\"itemListElement\":[{\"@type\":\"ListItem\",\"position\":1,\"name\":\"Home\",\"item\":\"https:\/\/chloelucielle.com\/fr\/\"},{\"@type\":\"ListItem\",\"position\":2,\"name\":\"Contact\"}]},{\"@type\":\"WebSite\",\"@id\":\"https:\/\/chloelucielle.com\/fr\/#website\",\"url\":\"https:\/\/chloelucielle.com\/fr\/\",\"name\":\"Chlo\u00e9 Lucielle\",\"description\":\"Chanteuse\/compositrice\",\"publisher\":{\"@id\":\"https:\/\/chloelucielle.com\/fr\/#\/schema\/person\/86a9793694b2caf14a0bc07b6bf4df23\"},\"potentialAction\":[{\"@type\":\"SearchAction\",\"target\":{\"@type\":\"EntryPoint\",\"urlTemplate\":\"https:\/\/chloelucielle.com\/fr\/?s={search_term_string}\"},\"query-input\":{\"@type\":\"PropertyValueSpecification\",\"valueRequired\":true,\"valueName\":\"search_term_string\"}}],\"inLanguage\":\"fr-FR\"},{\"@type\":[\"Person\",\"Organization\"],\"@id\":\"https:\/\/chloelucielle.com\/fr\/#\/schema\/person\/86a9793694b2caf14a0bc07b6bf4df23\",\"name\":\"Team Chlo\u00e9 Lucielle\",\"image\":{\"@type\":\"ImageObject\",\"inLanguage\":\"fr-FR\",\"@id\":\"https:\/\/chloelucielle.com\/fr\/#\/schema\/person\/image\/\",\"url\":\"https:\/\/chloelucielle.com\/fr\/wp-content\/uploads\/2025\/10\/Chloe-Lucielle-close.png\",\"contentUrl\":\"https:\/\/chloelucielle.com\/fr\/wp-content\/uploads\/2025\/10\/Chloe-Lucielle-close.png\",\"width\":1202,\"height\":768,\"caption\":\"Team Chlo\u00e9 Lucielle\"},\"logo\":{\"@id\":\"https:\/\/chloelucielle.com\/fr\/#\/schema\/person\/image\/\"},\"sameAs\":[\"https:\/\/chloelucielle.com\/fr\"]}]}<\/script>\n<!-- \/ Yoast SEO plugin. -->","yoast_head_json":{"title":"Contact - Chlo\u00e9 Lucielle","description":"Contactez Chlo\u00e9 Lucielle \u00e0 l'aide du formulaire disponible sur cette page pour toute collaboration, demande commerciale ou autre.","robots":{"index":"index","follow":"follow","max-snippet":"max-snippet:-1","max-image-preview":"max-image-preview:large","max-video-preview":"max-video-preview:-1"},"canonical":"https:\/\/chloelucielle.com\/fr\/contact\/","og_locale":"fr_FR","og_type":"article","og_title":"Contact - Chlo\u00e9 Lucielle","og_description":"Contactez Chlo\u00e9 Lucielle \u00e0 l'aide du formulaire disponible sur cette page pour toute collaboration, demande commerciale ou autre.","og_url":"https:\/\/chloelucielle.com\/fr\/contact\/","og_site_name":"Chlo\u00e9 Lucielle","article_modified_time":"2025-11-03T12:39:27+00:00","og_image":[{"width":1013,"height":864,"url":"https:\/\/chloelucielle.com\/fr\/wp-content\/uploads\/2025\/10\/Chloe-Lucielle-pensive.jpg","type":"image\/jpeg"}],"twitter_card":"summary_large_image","twitter_misc":{"Dur\u00e9e de lecture estim\u00e9e":"1 minute"},"schema":{"@context":"https:\/\/schema.org","@graph":[{"@type":"WebPage","@id":"https:\/\/chloelucielle.com\/fr\/contact\/","url":"https:\/\/chloelucielle.com\/fr\/contact\/","name":"Contact - Chlo\u00e9 Lucielle","isPartOf":{"@id":"https:\/\/chloelucielle.com\/fr\/#website"},"primaryImageOfPage":{"@id":"https:\/\/chloelucielle.com\/fr\/contact\/#primaryimage"},"image":{"@id":"https:\/\/chloelucielle.com\/fr\/contact\/#primaryimage"},"thumbnailUrl":"https:\/\/chloelucielle.com\/fr\/wp-content\/uploads\/2025\/10\/Chloe-Lucielle-pensive.jpg","datePublished":"2025-10-25T16:36:11+00:00","dateModified":"2025-11-03T12:39:27+00:00","description":"Contactez Chlo\u00e9 Lucielle \u00e0 l'aide du formulaire disponible sur cette page pour toute collaboration, demande commerciale ou autre.","breadcrumb":{"@id":"https:\/\/chloelucielle.com\/fr\/contact\/#breadcrumb"},"inLanguage":"fr-FR","potentialAction":[{"@type":"ReadAction","target":["https:\/\/chloelucielle.com\/fr\/contact\/"]}]},{"@type":"ImageObject","inLanguage":"fr-FR","@id":"https:\/\/chloelucielle.com\/fr\/contact\/#primaryimage","url":"https:\/\/chloelucielle.com\/fr\/wp-content\/uploads\/2025\/10\/Chloe-Lucielle-pensive.jpg","contentUrl":"https:\/\/chloelucielle.com\/fr\/wp-content\/uploads\/2025\/10\/Chloe-Lucielle-pensive.jpg","width":1013,"height":864},{"@type":"BreadcrumbList","@id":"https:\/\/chloelucielle.com\/fr\/contact\/#breadcrumb","itemListElement":[{"@type":"ListItem","position":1,"name":"Home","item":"https:\/\/chloelucielle.com\/fr\/"},{"@type":"ListItem","position":2,"name":"Contact"}]},{"@type":"WebSite","@id":"https:\/\/chloelucielle.com\/fr\/#website","url":"https:\/\/chloelucielle.com\/fr\/","name":"Chlo\u00e9 Lucielle","description":"Chanteuse\/compositrice","publisher":{"@id":"https:\/\/chloelucielle.com\/fr\/#\/schema\/person\/86a9793694b2caf14a0bc07b6bf4df23"},"potentialAction":[{"@type":"SearchAction","target":{"@type":"EntryPoint","urlTemplate":"https:\/\/chloelucielle.com\/fr\/?s={search_term_string}"},"query-input":{"@type":"PropertyValueSpecification","valueRequired":true,"valueName":"search_term_string"}}],"inLanguage":"fr-FR"},{"@type":["Person","Organization"],"@id":"https:\/\/chloelucielle.com\/fr\/#\/schema\/person\/86a9793694b2caf14a0bc07b6bf4df23","name":"Team Chlo\u00e9 Lucielle","image":{"@type":"ImageObject","inLanguage":"fr-FR","@id":"https:\/\/chloelucielle.com\/fr\/#\/schema\/person\/image\/","url":"https:\/\/chloelucielle.com\/fr\/wp-content\/uploads\/2025\/10\/Chloe-Lucielle-close.png","contentUrl":"https:\/\/chloelucielle.com\/fr\/wp-content\/uploads\/2025\/10\/Chloe-Lucielle-close.png","width":1202,"height":768,"caption":"Team Chlo\u00e9 Lucielle"},"logo":{"@id":"https:\/\/chloelucielle.com\/fr\/#\/schema\/person\/image\/"},"sameAs":["https:\/\/chloelucielle.com\/fr"]}]}},"_links":{"self":[{"href":"https:\/\/chloelucielle.com\/fr\/wp-json\/wp\/v2\/pages\/23","targetHints":{"allow":["GET"]}}],"collection":[{"href":"https:\/\/chloelucielle.com\/fr\/wp-json\/wp\/v2\/pages"}],"about":[{"href":"https:\/\/chloelucielle.com\/fr\/wp-json\/wp\/v2\/types\/page"}],"author":[{"embeddable":true,"href":"https:\/\/chloelucielle.com\/fr\/wp-json\/wp\/v2\/users\/1"}],"replies":[{"embeddable":true,"href":"https:\/\/chloelucielle.com\/fr\/wp-json\/wp\/v2\/comments?post=23"}],"version-history":[{"count":8,"href":"https:\/\/chloelucielle.com\/fr\/wp-json\/wp\/v2\/pages\/23\/revisions"}],"predecessor-version":[{"id":319,"href":"https:\/\/chloelucielle.com\/fr\/wp-json\/wp\/v2\/pages\/23\/revisions\/319"}],"wp:featuredmedia":[{"embeddable":true,"href":"https:\/\/chloelucielle.com\/fr\/wp-json\/wp\/v2\/media\/64"}],"wp:attachment":[{"href":"https:\/\/chloelucielle.com\/fr\/wp-json\/wp\/v2\/media?parent=23"}],"curies":[{"name":"wp","href":"https:\/\/api.w.org\/{rel}","templated":true}]}}