{"id":25,"date":"2025-10-25T17:36:25","date_gmt":"2025-10-25T16:36:25","guid":{"rendered":"https:\/\/chloelucielle.com\/fr\/?page_id=25"},"modified":"2025-11-17T13:29:37","modified_gmt":"2025-11-17T13:29:37","slug":"musique","status":"publish","type":"page","link":"https:\/\/chloelucielle.com\/fr\/musique\/","title":{"rendered":"Musique"},"content":{"rendered":"<div id=\"pl-25\"  class=\"panel-layout\" ><div id=\"pg-25-0\"  class=\"panel-grid panel-no-style\" ><div id=\"pgc-25-0-0\"  class=\"panel-grid-cell\" ><div id=\"panel-25-0-0-0\" class=\"so-panel widget widget_sow-editor panel-first-child panel-last-child\" data-index=\"0\" ><div class=\"panel-widget-style panel-widget-style-for-25-0-0-0\" ><div\n\t\t\t\n\t\t\tclass=\"so-widget-sow-editor so-widget-sow-editor-base\"\n\t\t\t\n\t\t>\n<div class=\"siteorigin-widget-tinymce textwidget\">\n\t<h1>Musique<\/h1>\n<div class=\"colored-line-left\"><\/div>\n<\/div>\n<\/div><\/div><\/div><\/div><\/div><div id=\"pg-25-1\"  class=\"panel-grid panel-no-style\" ><div id=\"pgc-25-1-0\"  class=\"panel-grid-cell\" ><div id=\"panel-25-1-0-0\" class=\"so-panel widget widget_sow-editor panel-first-child panel-last-child\" data-index=\"1\" ><div\n\t\t\t\n\t\t\tclass=\"so-widget-sow-editor so-widget-sow-editor-base\"\n\t\t\t\n\t\t>\n<div class=\"siteorigin-widget-tinymce textwidget\">\n\t<p>Le premier nouveau single de Chlo\u00e9 Lucielle est d\u00e9sormais lanc\u00e9 et disponible sur toutes les principales plateformes de streaming. Vous pouvez d\u00e9couvrir sa <a href=\"https:\/\/ditto.fm\/lumiere-invisible\" target=\"_blank\" rel=\"noopener\">derni\u00e8re musique ici<\/a>.<\/p>\n<p><strong>D\u00e9couvrez la musique de Chlo\u00e9<\/strong><\/p>\n<ul>\n<li><a href=\"https:\/\/open.spotify.com\/artist\/53dJU9O7oGjwzMw8KmptnF\">Spotify<\/a><\/li>\n<li><a href=\"https:\/\/music.amazon.com\/artists\/B0G1JRSNBZ\/chlo%C3%A9-lucielle\">Amazon<\/a><\/li>\n<li><a href=\"https:\/\/tidal.com\/artist\/69579453\">Tidal<\/a><\/li>\n<li><a href=\"https:\/\/www.deezer.com\/en\/artist\/355260292\">Deezer<\/a><\/li>\n<li><a href=\"https:\/\/soundcloud.com\/chloelucielle\">Soundcloud<\/a><\/li>\n<li><a href=\"https:\/\/music.youtube.com\/playlist?list=OLAK5uy_nwmoTmCt82n1Cdo1TPAHnMjyosOMd0LHk\">YouTube Music<\/a><\/li>\n<li>Plus \u00e0 venir bient\u00f4t !<\/li>\n<\/ul>\n<\/div>\n<\/div><\/div><\/div><div id=\"pgc-25-1-1\"  class=\"panel-grid-cell\" ><div id=\"panel-25-1-1-0\" class=\"so-panel widget widget_sow-image panel-first-child panel-last-child\" data-index=\"2\" ><div\n\t\t\t\n\t\t\tclass=\"so-widget-sow-image so-widget-sow-image-default-8b5b6f678277-25\"\n\t\t\t\n\t\t>\n<div class=\"sow-image-container\">\n\t\t\t<a href=\"https:\/\/ditto.fm\/lumiere-invisible\"\n\t\t\ttarget=\"_blank\" rel=\"noopener noreferrer\" \t\t>\n\t\t\t<img \n\tsrc=\"https:\/\/chloelucielle.com\/fr\/wp-content\/uploads\/2025\/11\/Lumiere-Invisible.jpg\" width=\"2500\" height=\"2499\" srcset=\"https:\/\/chloelucielle.com\/fr\/wp-content\/uploads\/2025\/11\/Lumiere-Invisible.jpg 2500w, https:\/\/chloelucielle.com\/fr\/wp-content\/uploads\/2025\/11\/Lumiere-Invisible-300x300.jpg 300w, https:\/\/chloelucielle.com\/fr\/wp-content\/uploads\/2025\/11\/Lumiere-Invisible-1024x1024.jpg 1024w, https:\/\/chloelucielle.com\/fr\/wp-content\/uploads\/2025\/11\/Lumiere-Invisible-150x150.jpg 150w, https:\/\/chloelucielle.com\/fr\/wp-content\/uploads\/2025\/11\/Lumiere-Invisible-768x768.jpg 768w, https:\/\/chloelucielle.com\/fr\/wp-content\/uploads\/2025\/11\/Lumiere-Invisible-1536x1536.jpg 1536w, https:\/\/chloelucielle.com\/fr\/wp-content\/uploads\/2025\/11\/Lumiere-Invisible-2048x2048.jpg 2048w, https:\/\/chloelucielle.com\/fr\/wp-content\/uploads\/2025\/11\/Lumiere-Invisible-1080x1080.jpg 1080w, https:\/\/chloelucielle.com\/fr\/wp-content\/uploads\/2025\/11\/Lumiere-Invisible-216x216.jpg 216w, https:\/\/chloelucielle.com\/fr\/wp-content\/uploads\/2025\/11\/Lumiere-Invisible-375x375.jpg 375w\" sizes=\"(max-width: 2500px) 100vw, 2500px\" title=\"Lumiere Invisible\" alt=\"Lumiere Invisible\" \t\tclass=\"so-widget-image\"\/>\n\t\t\t<\/a><\/div>\n\n<\/div><\/div><\/div><\/div><\/div>","protected":false},"excerpt":{"rendered":"<p>Musique Le premier nouveau single de Chlo\u00e9 Lucielle est d\u00e9sormais lanc\u00e9 et disponible sur toutes les principales plateformes de streaming. Vous pouvez d\u00e9couvrir sa derni\u00e8re musique ici. D\u00e9couvrez la musique de Chlo\u00e9 Spotify Amazon Tidal Deezer Soundcloud YouTube Music Plus \u00e0 venir bient\u00f4t !<\/p>\n","protected":false},"author":1,"featured_media":250,"parent":0,"menu_order":0,"comment_status":"closed","ping_status":"closed","template":"","meta":{"inline_featured_image":false,"footnotes":""},"class_list":["post-25","page","type-page","status-publish","has-post-thumbnail","hentry"],"yoast_head":"<!-- This site is optimized with the Yoast SEO plugin v26.4 - https:\/\/yoast.com\/wordpress\/plugins\/seo\/ -->\n<title>Musique - Chlo\u00e9 Lucielle<\/title>\n<meta name=\"description\" content=\"Les derni\u00e8res nouveaut\u00e9s musicales de Chlo\u00e9 Lucielle, y compris ses nouveaux singles et albums. Mise \u00e0 jour r\u00e9guli\u00e8re avec les titres les plus r\u00e9cents.\" \/>\n<meta name=\"robots\" content=\"index, follow, max-snippet:-1, max-image-preview:large, max-video-preview:-1\" \/>\n<link rel=\"canonical\" href=\"https:\/\/chloelucielle.com\/fr\/musique\/\" \/>\n<meta property=\"og:locale\" content=\"fr_FR\" \/>\n<meta property=\"og:type\" content=\"article\" \/>\n<meta property=\"og:title\" content=\"Musique - Chlo\u00e9 Lucielle\" \/>\n<meta property=\"og:description\" content=\"Les derni\u00e8res nouveaut\u00e9s musicales de Chlo\u00e9 Lucielle, y compris ses nouveaux singles et albums. Mise \u00e0 jour r\u00e9guli\u00e8re avec les titres les plus r\u00e9cents.\" \/>\n<meta property=\"og:url\" content=\"https:\/\/chloelucielle.com\/fr\/musique\/\" \/>\n<meta property=\"og:site_name\" content=\"Chlo\u00e9 Lucielle\" \/>\n<meta property=\"article:modified_time\" content=\"2025-11-17T13:29:37+00:00\" \/>\n<meta property=\"og:image\" content=\"https:\/\/chloelucielle.com\/fr\/wp-content\/uploads\/2025\/11\/Lumiere-Invisible.jpg\" \/>\n\t<meta property=\"og:image:width\" content=\"2500\" \/>\n\t<meta property=\"og:image:height\" content=\"2499\" \/>\n\t<meta property=\"og:image:type\" content=\"image\/jpeg\" \/>\n<meta name=\"twitter:card\" content=\"summary_large_image\" \/>\n<meta name=\"twitter:label1\" content=\"Dur\u00e9e de lecture estim\u00e9e\" \/>\n\t<meta name=\"twitter:data1\" content=\"1 minute\" \/>\n<script type=\"application\/ld+json\" class=\"yoast-schema-graph\">{\"@context\":\"https:\/\/schema.org\",\"@graph\":[{\"@type\":\"WebPage\",\"@id\":\"https:\/\/chloelucielle.com\/fr\/musique\/\",\"url\":\"https:\/\/chloelucielle.com\/fr\/musique\/\",\"name\":\"Musique - Chlo\u00e9 Lucielle\",\"isPartOf\":{\"@id\":\"https:\/\/chloelucielle.com\/fr\/#website\"},\"primaryImageOfPage\":{\"@id\":\"https:\/\/chloelucielle.com\/fr\/musique\/#primaryimage\"},\"image\":{\"@id\":\"https:\/\/chloelucielle.com\/fr\/musique\/#primaryimage\"},\"thumbnailUrl\":\"https:\/\/chloelucielle.com\/fr\/wp-content\/uploads\/2025\/11\/Lumiere-Invisible.jpg\",\"datePublished\":\"2025-10-25T16:36:25+00:00\",\"dateModified\":\"2025-11-17T13:29:37+00:00\",\"description\":\"Les derni\u00e8res nouveaut\u00e9s musicales de Chlo\u00e9 Lucielle, y compris ses nouveaux singles et albums. Mise \u00e0 jour r\u00e9guli\u00e8re avec les titres les plus r\u00e9cents.\",\"breadcrumb\":{\"@id\":\"https:\/\/chloelucielle.com\/fr\/musique\/#breadcrumb\"},\"inLanguage\":\"fr-FR\",\"potentialAction\":[{\"@type\":\"ReadAction\",\"target\":[\"https:\/\/chloelucielle.com\/fr\/musique\/\"]}]},{\"@type\":\"ImageObject\",\"inLanguage\":\"fr-FR\",\"@id\":\"https:\/\/chloelucielle.com\/fr\/musique\/#primaryimage\",\"url\":\"https:\/\/chloelucielle.com\/fr\/wp-content\/uploads\/2025\/11\/Lumiere-Invisible.jpg\",\"contentUrl\":\"https:\/\/chloelucielle.com\/fr\/wp-content\/uploads\/2025\/11\/Lumiere-Invisible.jpg\",\"width\":2500,\"height\":2499,\"caption\":\"Lumiere Invisible\"},{\"@type\":\"BreadcrumbList\",\"@id\":\"https:\/\/chloelucielle.com\/fr\/musique\/#breadcrumb\",\"itemListElement\":[{\"@type\":\"ListItem\",\"position\":1,\"name\":\"Home\",\"item\":\"https:\/\/chloelucielle.com\/fr\/\"},{\"@type\":\"ListItem\",\"position\":2,\"name\":\"Musique\"}]},{\"@type\":\"WebSite\",\"@id\":\"https:\/\/chloelucielle.com\/fr\/#website\",\"url\":\"https:\/\/chloelucielle.com\/fr\/\",\"name\":\"Chlo\u00e9 Lucielle\",\"description\":\"Chanteuse\/compositrice\",\"publisher\":{\"@id\":\"https:\/\/chloelucielle.com\/fr\/#\/schema\/person\/86a9793694b2caf14a0bc07b6bf4df23\"},\"potentialAction\":[{\"@type\":\"SearchAction\",\"target\":{\"@type\":\"EntryPoint\",\"urlTemplate\":\"https:\/\/chloelucielle.com\/fr\/?s={search_term_string}\"},\"query-input\":{\"@type\":\"PropertyValueSpecification\",\"valueRequired\":true,\"valueName\":\"search_term_string\"}}],\"inLanguage\":\"fr-FR\"},{\"@type\":[\"Person\",\"Organization\"],\"@id\":\"https:\/\/chloelucielle.com\/fr\/#\/schema\/person\/86a9793694b2caf14a0bc07b6bf4df23\",\"name\":\"Team Chlo\u00e9 Lucielle\",\"image\":{\"@type\":\"ImageObject\",\"inLanguage\":\"fr-FR\",\"@id\":\"https:\/\/chloelucielle.com\/fr\/#\/schema\/person\/image\/\",\"url\":\"https:\/\/chloelucielle.com\/fr\/wp-content\/uploads\/2025\/10\/Chloe-Lucielle-close.png\",\"contentUrl\":\"https:\/\/chloelucielle.com\/fr\/wp-content\/uploads\/2025\/10\/Chloe-Lucielle-close.png\",\"width\":1202,\"height\":768,\"caption\":\"Team Chlo\u00e9 Lucielle\"},\"logo\":{\"@id\":\"https:\/\/chloelucielle.com\/fr\/#\/schema\/person\/image\/\"},\"sameAs\":[\"https:\/\/chloelucielle.com\/fr\"]}]}<\/script>\n<!-- \/ Yoast SEO plugin. -->","yoast_head_json":{"title":"Musique - Chlo\u00e9 Lucielle","description":"Les derni\u00e8res nouveaut\u00e9s musicales de Chlo\u00e9 Lucielle, y compris ses nouveaux singles et albums. Mise \u00e0 jour r\u00e9guli\u00e8re avec les titres les plus r\u00e9cents.","robots":{"index":"index","follow":"follow","max-snippet":"max-snippet:-1","max-image-preview":"max-image-preview:large","max-video-preview":"max-video-preview:-1"},"canonical":"https:\/\/chloelucielle.com\/fr\/musique\/","og_locale":"fr_FR","og_type":"article","og_title":"Musique - Chlo\u00e9 Lucielle","og_description":"Les derni\u00e8res nouveaut\u00e9s musicales de Chlo\u00e9 Lucielle, y compris ses nouveaux singles et albums. Mise \u00e0 jour r\u00e9guli\u00e8re avec les titres les plus r\u00e9cents.","og_url":"https:\/\/chloelucielle.com\/fr\/musique\/","og_site_name":"Chlo\u00e9 Lucielle","article_modified_time":"2025-11-17T13:29:37+00:00","og_image":[{"width":2500,"height":2499,"url":"https:\/\/chloelucielle.com\/fr\/wp-content\/uploads\/2025\/11\/Lumiere-Invisible.jpg","type":"image\/jpeg"}],"twitter_card":"summary_large_image","twitter_misc":{"Dur\u00e9e de lecture estim\u00e9e":"1 minute"},"schema":{"@context":"https:\/\/schema.org","@graph":[{"@type":"WebPage","@id":"https:\/\/chloelucielle.com\/fr\/musique\/","url":"https:\/\/chloelucielle.com\/fr\/musique\/","name":"Musique - Chlo\u00e9 Lucielle","isPartOf":{"@id":"https:\/\/chloelucielle.com\/fr\/#website"},"primaryImageOfPage":{"@id":"https:\/\/chloelucielle.com\/fr\/musique\/#primaryimage"},"image":{"@id":"https:\/\/chloelucielle.com\/fr\/musique\/#primaryimage"},"thumbnailUrl":"https:\/\/chloelucielle.com\/fr\/wp-content\/uploads\/2025\/11\/Lumiere-Invisible.jpg","datePublished":"2025-10-25T16:36:25+00:00","dateModified":"2025-11-17T13:29:37+00:00","description":"Les derni\u00e8res nouveaut\u00e9s musicales de Chlo\u00e9 Lucielle, y compris ses nouveaux singles et albums. Mise \u00e0 jour r\u00e9guli\u00e8re avec les titres les plus r\u00e9cents.","breadcrumb":{"@id":"https:\/\/chloelucielle.com\/fr\/musique\/#breadcrumb"},"inLanguage":"fr-FR","potentialAction":[{"@type":"ReadAction","target":["https:\/\/chloelucielle.com\/fr\/musique\/"]}]},{"@type":"ImageObject","inLanguage":"fr-FR","@id":"https:\/\/chloelucielle.com\/fr\/musique\/#primaryimage","url":"https:\/\/chloelucielle.com\/fr\/wp-content\/uploads\/2025\/11\/Lumiere-Invisible.jpg","contentUrl":"https:\/\/chloelucielle.com\/fr\/wp-content\/uploads\/2025\/11\/Lumiere-Invisible.jpg","width":2500,"height":2499,"caption":"Lumiere Invisible"},{"@type":"BreadcrumbList","@id":"https:\/\/chloelucielle.com\/fr\/musique\/#breadcrumb","itemListElement":[{"@type":"ListItem","position":1,"name":"Home","item":"https:\/\/chloelucielle.com\/fr\/"},{"@type":"ListItem","position":2,"name":"Musique"}]},{"@type":"WebSite","@id":"https:\/\/chloelucielle.com\/fr\/#website","url":"https:\/\/chloelucielle.com\/fr\/","name":"Chlo\u00e9 Lucielle","description":"Chanteuse\/compositrice","publisher":{"@id":"https:\/\/chloelucielle.com\/fr\/#\/schema\/person\/86a9793694b2caf14a0bc07b6bf4df23"},"potentialAction":[{"@type":"SearchAction","target":{"@type":"EntryPoint","urlTemplate":"https:\/\/chloelucielle.com\/fr\/?s={search_term_string}"},"query-input":{"@type":"PropertyValueSpecification","valueRequired":true,"valueName":"search_term_string"}}],"inLanguage":"fr-FR"},{"@type":["Person","Organization"],"@id":"https:\/\/chloelucielle.com\/fr\/#\/schema\/person\/86a9793694b2caf14a0bc07b6bf4df23","name":"Team Chlo\u00e9 Lucielle","image":{"@type":"ImageObject","inLanguage":"fr-FR","@id":"https:\/\/chloelucielle.com\/fr\/#\/schema\/person\/image\/","url":"https:\/\/chloelucielle.com\/fr\/wp-content\/uploads\/2025\/10\/Chloe-Lucielle-close.png","contentUrl":"https:\/\/chloelucielle.com\/fr\/wp-content\/uploads\/2025\/10\/Chloe-Lucielle-close.png","width":1202,"height":768,"caption":"Team Chlo\u00e9 Lucielle"},"logo":{"@id":"https:\/\/chloelucielle.com\/fr\/#\/schema\/person\/image\/"},"sameAs":["https:\/\/chloelucielle.com\/fr"]}]}},"_links":{"self":[{"href":"https:\/\/chloelucielle.com\/fr\/wp-json\/wp\/v2\/pages\/25","targetHints":{"allow":["GET"]}}],"collection":[{"href":"https:\/\/chloelucielle.com\/fr\/wp-json\/wp\/v2\/pages"}],"about":[{"href":"https:\/\/chloelucielle.com\/fr\/wp-json\/wp\/v2\/types\/page"}],"author":[{"embeddable":true,"href":"https:\/\/chloelucielle.com\/fr\/wp-json\/wp\/v2\/users\/1"}],"replies":[{"embeddable":true,"href":"https:\/\/chloelucielle.com\/fr\/wp-json\/wp\/v2\/comments?post=25"}],"version-history":[{"count":6,"href":"https:\/\/chloelucielle.com\/fr\/wp-json\/wp\/v2\/pages\/25\/revisions"}],"predecessor-version":[{"id":366,"href":"https:\/\/chloelucielle.com\/fr\/wp-json\/wp\/v2\/pages\/25\/revisions\/366"}],"wp:featuredmedia":[{"embeddable":true,"href":"https:\/\/chloelucielle.com\/fr\/wp-json\/wp\/v2\/media\/250"}],"wp:attachment":[{"href":"https:\/\/chloelucielle.com\/fr\/wp-json\/wp\/v2\/media?parent=25"}],"curies":[{"name":"wp","href":"https:\/\/api.w.org\/{rel}","templated":true}]}}