{"id":257,"date":"2025-11-02T12:07:40","date_gmt":"2025-11-02T12:07:40","guid":{"rendered":"https:\/\/chloelucielle.com\/fr\/?page_id=257"},"modified":"2025-11-03T15:46:18","modified_gmt":"2025-11-03T15:46:18","slug":"cookies","status":"publish","type":"page","link":"https:\/\/chloelucielle.com\/fr\/cookies\/","title":{"rendered":"Politique en mati\u00e8re de cookies"},"content":{"rendered":"<div id=\"pl-257\"  class=\"panel-layout\" ><div id=\"pg-257-0\"  class=\"panel-grid panel-no-style\" ><div id=\"pgc-257-0-0\"  class=\"panel-grid-cell\" ><div id=\"panel-257-0-0-0\" class=\"so-panel widget widget_sow-editor panel-first-child\" data-index=\"0\" ><div class=\"panel-widget-style panel-widget-style-for-257-0-0-0\" ><div\n\t\t\t\n\t\t\tclass=\"so-widget-sow-editor so-widget-sow-editor-base\"\n\t\t\t\n\t\t>\n<div class=\"siteorigin-widget-tinymce textwidget\">\n\t<h1>Politique en mati\u00e8re de cookies<\/h1>\n<div class=\"colored-line-left\"><\/div>\n<\/div>\n<\/div><\/div><\/div><div id=\"panel-257-0-0-1\" class=\"so-panel widget widget_sow-editor panel-last-child\" data-index=\"1\" ><div\n\t\t\t\n\t\t\tclass=\"so-widget-sow-editor so-widget-sow-editor-base\"\n\t\t\t\n\t\t>\n<div class=\"siteorigin-widget-tinymce textwidget\">\n\t<p>Date d'entr\u00e9e en vigueur : 11\/02\/25<\/p>\n<p><strong>1. Introduction<\/strong><\/p>\n<p>Ce site web, exploit\u00e9 par Darwinbeats, une division d'Iconica Media Ltd (ci-apr\u00e8s d\u00e9nomm\u00e9e \u00ab nous \u00bb, \u00ab notre \u00bb, \u00ab nos \u00bb), utilise un nombre minimal de cookies. Les cookies sont de petits fichiers texte qui sont stock\u00e9s sur votre appareil lorsque vous visitez notre site web. Ils sont utilis\u00e9s pour assurer le bon fonctionnement et la s\u00e9curit\u00e9 du site web.<\/p>\n<p><strong>2. Utilisation des cookies : strictement n\u00e9cessaire uniquement<\/strong><\/p>\n<p>Notre site web n'utilise pas de cookies \u00e0 des fins d'analyse, de publicit\u00e9 ou de suivi de votre comportement de navigation sur Internet.<\/p>\n<p>Les seuls cookies tiers utilis\u00e9s sont ceux d\u00e9finis par notre prestataire de services de paiement, Stripe, qui sont essentiels pour traiter les paiements et garantir la s\u00e9curit\u00e9 des transactions.<\/p>\n<p><strong>Cat\u00e9gorie de cookies \/ Objectif et description<\/strong><\/p>\n<p>Strictement n\u00e9cessaires : ces cookies sont essentiels au bon fonctionnement de notre site Web et de nos services. Ils permettent d'assurer la s\u00e9curit\u00e9, la gestion du r\u00e9seau et l'accessibilit\u00e9. Ils ne n\u00e9cessitent pas votre consentement, mais nous sommes l\u00e9galement tenus de vous en informer.<\/p>\n<p><strong>3. Cookies tiers : Stripe (traitement des paiements)<\/strong><\/p>\n<p>Lorsque vous effectuez un achat, Stripe, notre prestataire de services de paiement, peut installer des cookies sur votre appareil.<\/p>\n<p><strong>Service tiers \/ Objectif \/ Statut du responsable du traitement des donn\u00e9es<\/strong><\/p>\n<p>Stripe, Inc : pour traiter les transactions de paiement en toute s\u00e9curit\u00e9, v\u00e9rifier l'identit\u00e9 des clients et pr\u00e9venir la fraude financi\u00e8re. Il s'agit d'un \u00e9l\u00e9ment essentiel du processus de paiement.<\/p>\n<p>Les cookies de Stripe sont consid\u00e9r\u00e9s comme strictement n\u00e9cessaires, car ils sont indispensables pour lancer et mener \u00e0 bien une transaction financi\u00e8re que vous, l'utilisateur, avez explicitement demand\u00e9e. Sans eux, aucun paiement s\u00e9curis\u00e9 ne peut \u00eatre effectu\u00e9.<\/p>\n<p><strong>Informations compl\u00e9mentaires sur les cookies de Stripe<\/strong><\/p>\n<p>Pour plus de d\u00e9tails sur les cookies sp\u00e9cifiques utilis\u00e9s par Stripe (qui peuvent \u00eatre modifi\u00e9s) et leurs activit\u00e9s de traitement des donn\u00e9es, veuillez vous reporter directement aux politiques de Stripe :<\/p>\n<p>Politique de confidentialit\u00e9 de Stripe : <a href=\"https:\/\/stripe.com\/gb\/privacy\" target=\"_blank\" rel=\"noopener\">https:\/\/stripe.com\/gb\/privacy<\/a><br \/>\nPolitique de Stripe en mati\u00e8re de cookies : <a href=\"https:\/\/stripe.com\/gb\/legal\/cookies-policy\" target=\"_blank\" rel=\"noopener\">https:\/\/stripe.com\/gb\/legal\/cookies-policy<\/a><\/p>\n<p><strong>4. Comment g\u00e9rer les cookies<\/strong><\/p>\n<p>Les cookies utilis\u00e9s sur ce site web \u00e9tant strictement n\u00e9cessaires \u00e0 des fonctions essentielles (telles que le traitement des paiements et la s\u00e9curit\u00e9), ils sont actifs par d\u00e9faut et ne peuvent \u00eatre d\u00e9sactiv\u00e9s sans affecter la possibilit\u00e9 d'acheter des biens ou des services.<\/p>\n<p>Vous pouvez toutefois bloquer ou supprimer tous les cookies \u00e0 l'aide des param\u00e8tres de votre navigateur web. Veuillez noter que le blocage ou la suppression de tous les cookies peut limiter consid\u00e9rablement les fonctionnalit\u00e9s de notre site web et des autres sites web que vous visitez.<\/p>\n<p><strong>5. Modifications apport\u00e9es \u00e0 la pr\u00e9sente politique<\/strong><\/p>\n<p>Nous pouvons mettre \u00e0 jour la pr\u00e9sente politique p\u00e9riodiquement afin de refl\u00e9ter les changements apport\u00e9s \u00e0 nos fournisseurs de services ou pour d'autres raisons op\u00e9rationnelles, juridiques ou r\u00e9glementaires. Nous vous encourageons \u00e0 consulter cette page de temps \u00e0 autre pour obtenir les derni\u00e8res informations.<\/p>\n<p><strong>6. Coordonn\u00e9es<\/strong><\/p>\n<p>Pour toute question concernant la pr\u00e9sente politique en mati\u00e8re de cookies, veuillez nous contacter \u00e0 l'adresse suivante : legal@darwinbeats.com<\/p>\n<\/div>\n<\/div><\/div><\/div><\/div><\/div>","protected":false},"excerpt":{"rendered":"<p>Politique en mati\u00e8re de cookies Date d&rsquo;entr\u00e9e en vigueur : 11\/02\/25 1. Introduction Ce site web, exploit\u00e9 par Darwinbeats, une division d&rsquo;Iconica Media Ltd (ci-apr\u00e8s d\u00e9nomm\u00e9e \u00ab nous \u00bb, \u00ab notre \u00bb, \u00ab nos \u00bb), utilise un nombre minimal de cookies. Les cookies sont de petits fichiers texte qui sont stock\u00e9s sur votre appareil lorsque&hellip; <br \/> <a class=\"read-more\" href=\"https:\/\/chloelucielle.com\/fr\/cookies\/\">Lire la suite<\/a><\/p>\n","protected":false},"author":1,"featured_media":8,"parent":0,"menu_order":0,"comment_status":"closed","ping_status":"closed","template":"","meta":{"inline_featured_image":false,"footnotes":""},"class_list":["post-257","page","type-page","status-publish","has-post-thumbnail","hentry"],"yoast_head":"<!-- This site is optimized with the Yoast SEO plugin v26.4 - https:\/\/yoast.com\/wordpress\/plugins\/seo\/ -->\n<title>Politique en mati\u00e8re de cookies - Chlo\u00e9 Lucielle<\/title>\n<meta name=\"description\" content=\"Politique en mati\u00e8re de cookies pour le site officiel de Chlo\u00e9 Lucielle.\" \/>\n<meta name=\"robots\" content=\"index, follow, max-snippet:-1, max-image-preview:large, max-video-preview:-1\" \/>\n<link rel=\"canonical\" href=\"https:\/\/chloelucielle.com\/fr\/cookies\/\" \/>\n<meta property=\"og:locale\" content=\"fr_FR\" \/>\n<meta property=\"og:type\" content=\"article\" \/>\n<meta property=\"og:title\" content=\"Politique en mati\u00e8re de cookies - Chlo\u00e9 Lucielle\" \/>\n<meta property=\"og:description\" content=\"Politique en mati\u00e8re de cookies pour le site officiel de Chlo\u00e9 Lucielle.\" \/>\n<meta property=\"og:url\" content=\"https:\/\/chloelucielle.com\/fr\/cookies\/\" \/>\n<meta property=\"og:site_name\" content=\"Chlo\u00e9 Lucielle\" \/>\n<meta property=\"article:modified_time\" content=\"2025-11-03T15:46:18+00:00\" \/>\n<meta property=\"og:image\" content=\"https:\/\/chloelucielle.com\/fr\/wp-content\/uploads\/2025\/10\/Chloe-Lucielle-profil.jpg\" \/>\n\t<meta property=\"og:image:width\" content=\"1043\" \/>\n\t<meta property=\"og:image:height\" content=\"864\" \/>\n\t<meta property=\"og:image:type\" content=\"image\/jpeg\" \/>\n<meta name=\"twitter:card\" content=\"summary_large_image\" \/>\n<meta name=\"twitter:label1\" content=\"Dur\u00e9e de lecture estim\u00e9e\" \/>\n\t<meta name=\"twitter:data1\" content=\"3 minutes\" \/>\n<script type=\"application\/ld+json\" class=\"yoast-schema-graph\">{\"@context\":\"https:\/\/schema.org\",\"@graph\":[{\"@type\":\"WebPage\",\"@id\":\"https:\/\/chloelucielle.com\/fr\/cookies\/\",\"url\":\"https:\/\/chloelucielle.com\/fr\/cookies\/\",\"name\":\"Politique en mati\u00e8re de cookies - Chlo\u00e9 Lucielle\",\"isPartOf\":{\"@id\":\"https:\/\/chloelucielle.com\/fr\/#website\"},\"primaryImageOfPage\":{\"@id\":\"https:\/\/chloelucielle.com\/fr\/cookies\/#primaryimage\"},\"image\":{\"@id\":\"https:\/\/chloelucielle.com\/fr\/cookies\/#primaryimage\"},\"thumbnailUrl\":\"https:\/\/chloelucielle.com\/fr\/wp-content\/uploads\/2025\/10\/Chloe-Lucielle-profil.jpg\",\"datePublished\":\"2025-11-02T12:07:40+00:00\",\"dateModified\":\"2025-11-03T15:46:18+00:00\",\"description\":\"Politique en mati\u00e8re de cookies pour le site officiel de Chlo\u00e9 Lucielle.\",\"breadcrumb\":{\"@id\":\"https:\/\/chloelucielle.com\/fr\/cookies\/#breadcrumb\"},\"inLanguage\":\"fr-FR\",\"potentialAction\":[{\"@type\":\"ReadAction\",\"target\":[\"https:\/\/chloelucielle.com\/fr\/cookies\/\"]}]},{\"@type\":\"ImageObject\",\"inLanguage\":\"fr-FR\",\"@id\":\"https:\/\/chloelucielle.com\/fr\/cookies\/#primaryimage\",\"url\":\"https:\/\/chloelucielle.com\/fr\/wp-content\/uploads\/2025\/10\/Chloe-Lucielle-profil.jpg\",\"contentUrl\":\"https:\/\/chloelucielle.com\/fr\/wp-content\/uploads\/2025\/10\/Chloe-Lucielle-profil.jpg\",\"width\":1043,\"height\":864},{\"@type\":\"BreadcrumbList\",\"@id\":\"https:\/\/chloelucielle.com\/fr\/cookies\/#breadcrumb\",\"itemListElement\":[{\"@type\":\"ListItem\",\"position\":1,\"name\":\"Home\",\"item\":\"https:\/\/chloelucielle.com\/fr\/\"},{\"@type\":\"ListItem\",\"position\":2,\"name\":\"Politique en mati\u00e8re de cookies\"}]},{\"@type\":\"WebSite\",\"@id\":\"https:\/\/chloelucielle.com\/fr\/#website\",\"url\":\"https:\/\/chloelucielle.com\/fr\/\",\"name\":\"Chlo\u00e9 Lucielle\",\"description\":\"Chanteuse\/compositrice\",\"publisher\":{\"@id\":\"https:\/\/chloelucielle.com\/fr\/#\/schema\/person\/86a9793694b2caf14a0bc07b6bf4df23\"},\"potentialAction\":[{\"@type\":\"SearchAction\",\"target\":{\"@type\":\"EntryPoint\",\"urlTemplate\":\"https:\/\/chloelucielle.com\/fr\/?s={search_term_string}\"},\"query-input\":{\"@type\":\"PropertyValueSpecification\",\"valueRequired\":true,\"valueName\":\"search_term_string\"}}],\"inLanguage\":\"fr-FR\"},{\"@type\":[\"Person\",\"Organization\"],\"@id\":\"https:\/\/chloelucielle.com\/fr\/#\/schema\/person\/86a9793694b2caf14a0bc07b6bf4df23\",\"name\":\"Team Chlo\u00e9 Lucielle\",\"image\":{\"@type\":\"ImageObject\",\"inLanguage\":\"fr-FR\",\"@id\":\"https:\/\/chloelucielle.com\/fr\/#\/schema\/person\/image\/\",\"url\":\"https:\/\/chloelucielle.com\/fr\/wp-content\/uploads\/2025\/10\/Chloe-Lucielle-close.png\",\"contentUrl\":\"https:\/\/chloelucielle.com\/fr\/wp-content\/uploads\/2025\/10\/Chloe-Lucielle-close.png\",\"width\":1202,\"height\":768,\"caption\":\"Team Chlo\u00e9 Lucielle\"},\"logo\":{\"@id\":\"https:\/\/chloelucielle.com\/fr\/#\/schema\/person\/image\/\"},\"sameAs\":[\"https:\/\/chloelucielle.com\/fr\"]}]}<\/script>\n<!-- \/ Yoast SEO plugin. -->","yoast_head_json":{"title":"Politique en mati\u00e8re de cookies - Chlo\u00e9 Lucielle","description":"Politique en mati\u00e8re de cookies pour le site officiel de Chlo\u00e9 Lucielle.","robots":{"index":"index","follow":"follow","max-snippet":"max-snippet:-1","max-image-preview":"max-image-preview:large","max-video-preview":"max-video-preview:-1"},"canonical":"https:\/\/chloelucielle.com\/fr\/cookies\/","og_locale":"fr_FR","og_type":"article","og_title":"Politique en mati\u00e8re de cookies - Chlo\u00e9 Lucielle","og_description":"Politique en mati\u00e8re de cookies pour le site officiel de Chlo\u00e9 Lucielle.","og_url":"https:\/\/chloelucielle.com\/fr\/cookies\/","og_site_name":"Chlo\u00e9 Lucielle","article_modified_time":"2025-11-03T15:46:18+00:00","og_image":[{"width":1043,"height":864,"url":"https:\/\/chloelucielle.com\/fr\/wp-content\/uploads\/2025\/10\/Chloe-Lucielle-profil.jpg","type":"image\/jpeg"}],"twitter_card":"summary_large_image","twitter_misc":{"Dur\u00e9e de lecture estim\u00e9e":"3 minutes"},"schema":{"@context":"https:\/\/schema.org","@graph":[{"@type":"WebPage","@id":"https:\/\/chloelucielle.com\/fr\/cookies\/","url":"https:\/\/chloelucielle.com\/fr\/cookies\/","name":"Politique en mati\u00e8re de cookies - Chlo\u00e9 Lucielle","isPartOf":{"@id":"https:\/\/chloelucielle.com\/fr\/#website"},"primaryImageOfPage":{"@id":"https:\/\/chloelucielle.com\/fr\/cookies\/#primaryimage"},"image":{"@id":"https:\/\/chloelucielle.com\/fr\/cookies\/#primaryimage"},"thumbnailUrl":"https:\/\/chloelucielle.com\/fr\/wp-content\/uploads\/2025\/10\/Chloe-Lucielle-profil.jpg","datePublished":"2025-11-02T12:07:40+00:00","dateModified":"2025-11-03T15:46:18+00:00","description":"Politique en mati\u00e8re de cookies pour le site officiel de Chlo\u00e9 Lucielle.","breadcrumb":{"@id":"https:\/\/chloelucielle.com\/fr\/cookies\/#breadcrumb"},"inLanguage":"fr-FR","potentialAction":[{"@type":"ReadAction","target":["https:\/\/chloelucielle.com\/fr\/cookies\/"]}]},{"@type":"ImageObject","inLanguage":"fr-FR","@id":"https:\/\/chloelucielle.com\/fr\/cookies\/#primaryimage","url":"https:\/\/chloelucielle.com\/fr\/wp-content\/uploads\/2025\/10\/Chloe-Lucielle-profil.jpg","contentUrl":"https:\/\/chloelucielle.com\/fr\/wp-content\/uploads\/2025\/10\/Chloe-Lucielle-profil.jpg","width":1043,"height":864},{"@type":"BreadcrumbList","@id":"https:\/\/chloelucielle.com\/fr\/cookies\/#breadcrumb","itemListElement":[{"@type":"ListItem","position":1,"name":"Home","item":"https:\/\/chloelucielle.com\/fr\/"},{"@type":"ListItem","position":2,"name":"Politique en mati\u00e8re de cookies"}]},{"@type":"WebSite","@id":"https:\/\/chloelucielle.com\/fr\/#website","url":"https:\/\/chloelucielle.com\/fr\/","name":"Chlo\u00e9 Lucielle","description":"Chanteuse\/compositrice","publisher":{"@id":"https:\/\/chloelucielle.com\/fr\/#\/schema\/person\/86a9793694b2caf14a0bc07b6bf4df23"},"potentialAction":[{"@type":"SearchAction","target":{"@type":"EntryPoint","urlTemplate":"https:\/\/chloelucielle.com\/fr\/?s={search_term_string}"},"query-input":{"@type":"PropertyValueSpecification","valueRequired":true,"valueName":"search_term_string"}}],"inLanguage":"fr-FR"},{"@type":["Person","Organization"],"@id":"https:\/\/chloelucielle.com\/fr\/#\/schema\/person\/86a9793694b2caf14a0bc07b6bf4df23","name":"Team Chlo\u00e9 Lucielle","image":{"@type":"ImageObject","inLanguage":"fr-FR","@id":"https:\/\/chloelucielle.com\/fr\/#\/schema\/person\/image\/","url":"https:\/\/chloelucielle.com\/fr\/wp-content\/uploads\/2025\/10\/Chloe-Lucielle-close.png","contentUrl":"https:\/\/chloelucielle.com\/fr\/wp-content\/uploads\/2025\/10\/Chloe-Lucielle-close.png","width":1202,"height":768,"caption":"Team Chlo\u00e9 Lucielle"},"logo":{"@id":"https:\/\/chloelucielle.com\/fr\/#\/schema\/person\/image\/"},"sameAs":["https:\/\/chloelucielle.com\/fr"]}]}},"_links":{"self":[{"href":"https:\/\/chloelucielle.com\/fr\/wp-json\/wp\/v2\/pages\/257","targetHints":{"allow":["GET"]}}],"collection":[{"href":"https:\/\/chloelucielle.com\/fr\/wp-json\/wp\/v2\/pages"}],"about":[{"href":"https:\/\/chloelucielle.com\/fr\/wp-json\/wp\/v2\/types\/page"}],"author":[{"embeddable":true,"href":"https:\/\/chloelucielle.com\/fr\/wp-json\/wp\/v2\/users\/1"}],"replies":[{"embeddable":true,"href":"https:\/\/chloelucielle.com\/fr\/wp-json\/wp\/v2\/comments?post=257"}],"version-history":[{"count":4,"href":"https:\/\/chloelucielle.com\/fr\/wp-json\/wp\/v2\/pages\/257\/revisions"}],"predecessor-version":[{"id":350,"href":"https:\/\/chloelucielle.com\/fr\/wp-json\/wp\/v2\/pages\/257\/revisions\/350"}],"wp:featuredmedia":[{"embeddable":true,"href":"https:\/\/chloelucielle.com\/fr\/wp-json\/wp\/v2\/media\/8"}],"wp:attachment":[{"href":"https:\/\/chloelucielle.com\/fr\/wp-json\/wp\/v2\/media?parent=257"}],"curies":[{"name":"wp","href":"https:\/\/api.w.org\/{rel}","templated":true}]}}