{"id":41,"date":"2025-10-25T18:07:38","date_gmt":"2025-10-25T17:07:38","guid":{"rendered":"https:\/\/chloelucielle.com\/fr\/?page_id=41"},"modified":"2025-11-03T12:16:31","modified_gmt":"2025-11-03T12:16:31","slug":"photos","status":"publish","type":"page","link":"https:\/\/chloelucielle.com\/fr\/photos\/","title":{"rendered":"Photos"},"content":{"rendered":"<div id=\"pl-41\"  class=\"panel-layout\" ><div id=\"pg-41-0\"  class=\"panel-grid panel-no-style\" ><div id=\"pgc-41-0-0\"  class=\"panel-grid-cell\" ><div id=\"panel-41-0-0-0\" class=\"so-panel widget widget_sow-editor panel-first-child panel-last-child\" data-index=\"0\" ><div class=\"panel-widget-style panel-widget-style-for-41-0-0-0\" ><div\n\t\t\t\n\t\t\tclass=\"so-widget-sow-editor so-widget-sow-editor-base\"\n\t\t\t\n\t\t>\n<div class=\"siteorigin-widget-tinymce textwidget\">\n\t<h1>Photos<\/h1>\n<div class=\"colored-line-left\"><\/div>\n<\/div>\n<\/div><\/div><\/div><\/div><\/div><div id=\"pg-41-1\"  class=\"panel-grid panel-no-style\" ><div id=\"pgc-41-1-0\"  class=\"panel-grid-cell\" ><div id=\"panel-41-1-0-0\" class=\"so-panel widget widget_sow-image panel-first-child\" data-index=\"1\" ><div\n\t\t\t\n\t\t\tclass=\"so-widget-sow-image so-widget-sow-image-default-8b5b6f678277-41\"\n\t\t\t\n\t\t>\n<div class=\"sow-image-container\">\n\t\t\t<a href=\"https:\/\/chloelucielle.com\/fr\/wp-content\/uploads\/2025\/10\/Chloe-Lucielle-studio-black.jpg\"\n\t\t\t\t\t>\n\t\t\t<img \n\tsrc=\"https:\/\/chloelucielle.com\/fr\/wp-content\/uploads\/2025\/10\/Chloe-Lucielle-studio-black.jpg\" width=\"1064\" height=\"892\" srcset=\"https:\/\/chloelucielle.com\/fr\/wp-content\/uploads\/2025\/10\/Chloe-Lucielle-studio-black.jpg 1064w, https:\/\/chloelucielle.com\/fr\/wp-content\/uploads\/2025\/10\/Chloe-Lucielle-studio-black-300x252.jpg 300w, https:\/\/chloelucielle.com\/fr\/wp-content\/uploads\/2025\/10\/Chloe-Lucielle-studio-black-1024x858.jpg 1024w, https:\/\/chloelucielle.com\/fr\/wp-content\/uploads\/2025\/10\/Chloe-Lucielle-studio-black-768x644.jpg 768w\" sizes=\"(max-width: 1064px) 100vw, 1064px\" title=\"Chlo\u00e9-Lucielle-studio-black\" alt=\"\" \t\tclass=\"so-widget-image\"\/>\n\t\t\t<\/a><\/div>\n\n<\/div><\/div><div id=\"panel-41-1-0-1\" class=\"so-panel widget widget_sow-image\" data-index=\"2\" ><div\n\t\t\t\n\t\t\tclass=\"so-widget-sow-image so-widget-sow-image-default-8b5b6f678277-41\"\n\t\t\t\n\t\t>\n<div class=\"sow-image-container\">\n\t\t\t<a href=\"https:\/\/chloelucielle.com\/fr\/wp-content\/uploads\/2025\/10\/Chloe-Lucielle-paris-jardin.jpg\"\n\t\t\t\t\t>\n\t\t\t<img \n\tsrc=\"https:\/\/chloelucielle.com\/fr\/wp-content\/uploads\/2025\/10\/Chloe-Lucielle-paris-jardin.jpg\" width=\"944\" height=\"1024\" srcset=\"https:\/\/chloelucielle.com\/fr\/wp-content\/uploads\/2025\/10\/Chloe-Lucielle-paris-jardin.jpg 944w, https:\/\/chloelucielle.com\/fr\/wp-content\/uploads\/2025\/10\/Chloe-Lucielle-paris-jardin-277x300.jpg 277w, https:\/\/chloelucielle.com\/fr\/wp-content\/uploads\/2025\/10\/Chloe-Lucielle-paris-jardin-768x833.jpg 768w\" sizes=\"(max-width: 944px) 100vw, 944px\" title=\"Chlo\u00e9-Lucielle-paris-jardin\" alt=\"\" \t\tclass=\"so-widget-image\"\/>\n\t\t\t<\/a><\/div>\n\n<\/div><\/div><div id=\"panel-41-1-0-2\" class=\"so-panel widget widget_sow-image\" data-index=\"3\" ><div\n\t\t\t\n\t\t\tclass=\"so-widget-sow-image so-widget-sow-image-default-8b5b6f678277-41\"\n\t\t\t\n\t\t>\n<div class=\"sow-image-container\">\n\t\t\t<a href=\"https:\/\/chloelucielle.com\/fr\/wp-content\/uploads\/2025\/10\/Chloe-Lucielle-paris-jardin-2.jpg\"\n\t\t\t\t\t>\n\t\t\t<img \n\tsrc=\"https:\/\/chloelucielle.com\/fr\/wp-content\/uploads\/2025\/10\/Chloe-Lucielle-paris-jardin-2.jpg\" width=\"1024\" height=\"942\" srcset=\"https:\/\/chloelucielle.com\/fr\/wp-content\/uploads\/2025\/10\/Chloe-Lucielle-paris-jardin-2.jpg 1024w, https:\/\/chloelucielle.com\/fr\/wp-content\/uploads\/2025\/10\/Chloe-Lucielle-paris-jardin-2-300x276.jpg 300w, https:\/\/chloelucielle.com\/fr\/wp-content\/uploads\/2025\/10\/Chloe-Lucielle-paris-jardin-2-768x707.jpg 768w\" sizes=\"(max-width: 1024px) 100vw, 1024px\" title=\"\u00a9 Darwinbeats\" alt=\"\" \t\tclass=\"so-widget-image\"\/>\n\t\t\t<\/a><\/div>\n\n<\/div><\/div><div id=\"panel-41-1-0-3\" class=\"so-panel widget widget_sow-editor\" data-index=\"4\" ><div\n\t\t\t\n\t\t\tclass=\"so-widget-sow-editor so-widget-sow-editor-base\"\n\t\t\t\n\t\t>\n<div class=\"siteorigin-widget-tinymce textwidget\">\n\t<p><a href=\"https:\/\/chloelucielle.com\/fr\/wp-content\/uploads\/2025\/10\/Chloe-Lucielle-profil.jpg\"><img loading=\"lazy\" decoding=\"async\" src=\"https:\/\/chloelucielle.com\/fr\/wp-content\/uploads\/2025\/10\/Chloe-Lucielle-profil.jpg\" alt=\"\" width=\"1043\" height=\"864\" class=\"alignnone size-full wp-image-8\" srcset=\"https:\/\/chloelucielle.com\/fr\/wp-content\/uploads\/2025\/10\/Chloe-Lucielle-profil.jpg 1043w, https:\/\/chloelucielle.com\/fr\/wp-content\/uploads\/2025\/10\/Chloe-Lucielle-profil-300x249.jpg 300w, https:\/\/chloelucielle.com\/fr\/wp-content\/uploads\/2025\/10\/Chloe-Lucielle-profil-1024x848.jpg 1024w, https:\/\/chloelucielle.com\/fr\/wp-content\/uploads\/2025\/10\/Chloe-Lucielle-profil-768x636.jpg 768w\" sizes=\"auto, (max-width: 1043px) 100vw, 1043px\" \/><\/a><\/p>\n<\/div>\n<\/div><\/div><div id=\"panel-41-1-0-4\" class=\"so-panel widget widget_sow-image panel-last-child\" data-index=\"5\" ><div\n\t\t\t\n\t\t\tclass=\"so-widget-sow-image so-widget-sow-image-default-8b5b6f678277-41\"\n\t\t\t\n\t\t>\n<div class=\"sow-image-container\">\n\t\t\t<a href=\"https:\/\/chloelucielle.com\/fr\/wp-content\/uploads\/2025\/10\/Chloe-Lucielle-friends-2.jpg\"\n\t\t\t\t\t>\n\t\t\t<img \n\tsrc=\"https:\/\/chloelucielle.com\/fr\/wp-content\/uploads\/2025\/10\/Chloe-Lucielle-friends-2.jpg\" width=\"863\" height=\"825\" srcset=\"https:\/\/chloelucielle.com\/fr\/wp-content\/uploads\/2025\/10\/Chloe-Lucielle-friends-2.jpg 863w, https:\/\/chloelucielle.com\/fr\/wp-content\/uploads\/2025\/10\/Chloe-Lucielle-friends-2-300x287.jpg 300w, https:\/\/chloelucielle.com\/fr\/wp-content\/uploads\/2025\/10\/Chloe-Lucielle-friends-2-768x734.jpg 768w\" sizes=\"(max-width: 863px) 100vw, 863px\" title=\"Chlo\u00e9-Lucielle-friends-2\" alt=\"\" \t\tclass=\"so-widget-image\"\/>\n\t\t\t<\/a><\/div>\n\n<\/div><\/div><\/div><div id=\"pgc-41-1-1\"  class=\"panel-grid-cell\" ><div id=\"panel-41-1-1-0\" class=\"so-panel widget widget_sow-image panel-first-child\" data-index=\"6\" ><div\n\t\t\t\n\t\t\tclass=\"so-widget-sow-image so-widget-sow-image-default-8b5b6f678277-41\"\n\t\t\t\n\t\t>\n<div class=\"sow-image-container\">\n\t\t\t<a href=\"https:\/\/chloelucielle.com\/fr\/wp-content\/uploads\/2025\/10\/Chloe-Lucielle-boulangerie.jpg\"\n\t\t\t\t\t>\n\t\t\t<img \n\tsrc=\"https:\/\/chloelucielle.com\/fr\/wp-content\/uploads\/2025\/10\/Chloe-Lucielle-boulangerie.jpg\" width=\"1070\" height=\"896\" srcset=\"https:\/\/chloelucielle.com\/fr\/wp-content\/uploads\/2025\/10\/Chloe-Lucielle-boulangerie.jpg 1070w, https:\/\/chloelucielle.com\/fr\/wp-content\/uploads\/2025\/10\/Chloe-Lucielle-boulangerie-300x251.jpg 300w, https:\/\/chloelucielle.com\/fr\/wp-content\/uploads\/2025\/10\/Chloe-Lucielle-boulangerie-1024x857.jpg 1024w, https:\/\/chloelucielle.com\/fr\/wp-content\/uploads\/2025\/10\/Chloe-Lucielle-boulangerie-768x643.jpg 768w\" sizes=\"(max-width: 1070px) 100vw, 1070px\" title=\"Chlo\u00e9-Lucielle-boulangerie\" alt=\"\" \t\tclass=\"so-widget-image\"\/>\n\t\t\t<\/a><\/div>\n\n<\/div><\/div><div id=\"panel-41-1-1-1\" class=\"so-panel widget widget_sow-image\" data-index=\"7\" ><div\n\t\t\t\n\t\t\tclass=\"so-widget-sow-image so-widget-sow-image-default-8b5b6f678277-41\"\n\t\t\t\n\t\t>\n<div class=\"sow-image-container\">\n\t\t\t<a href=\"https:\/\/chloelucielle.com\/fr\/wp-content\/uploads\/2025\/10\/Chloe-Lucielle-cabaret-paris.jpg\"\n\t\t\t\t\t>\n\t\t\t<img \n\tsrc=\"https:\/\/chloelucielle.com\/fr\/wp-content\/uploads\/2025\/10\/Chloe-Lucielle-cabaret-paris.jpg\" width=\"1023\" height=\"896\" srcset=\"https:\/\/chloelucielle.com\/fr\/wp-content\/uploads\/2025\/10\/Chloe-Lucielle-cabaret-paris.jpg 1023w, https:\/\/chloelucielle.com\/fr\/wp-content\/uploads\/2025\/10\/Chloe-Lucielle-cabaret-paris-300x263.jpg 300w, https:\/\/chloelucielle.com\/fr\/wp-content\/uploads\/2025\/10\/Chloe-Lucielle-cabaret-paris-768x673.jpg 768w\" sizes=\"(max-width: 1023px) 100vw, 1023px\" title=\"Chlo\u00e9-Lucielle-cabaret-paris\" alt=\"\" \t\tclass=\"so-widget-image\"\/>\n\t\t\t<\/a><\/div>\n\n<\/div><\/div><div id=\"panel-41-1-1-2\" class=\"so-panel widget widget_sow-image\" data-index=\"8\" ><div\n\t\t\t\n\t\t\tclass=\"so-widget-sow-image so-widget-sow-image-default-8b5b6f678277-41\"\n\t\t\t\n\t\t>\n<div class=\"sow-image-container\">\n\t\t\t<a href=\"https:\/\/chloelucielle.com\/fr\/wp-content\/uploads\/2025\/10\/Chloe-Lucielle-piano-playing.jpg\"\n\t\t\t\t\t>\n\t\t\t<img \n\tsrc=\"https:\/\/chloelucielle.com\/fr\/wp-content\/uploads\/2025\/10\/Chloe-Lucielle-piano-playing.jpg\" width=\"1261\" height=\"768\" srcset=\"https:\/\/chloelucielle.com\/fr\/wp-content\/uploads\/2025\/10\/Chloe-Lucielle-piano-playing.jpg 1261w, https:\/\/chloelucielle.com\/fr\/wp-content\/uploads\/2025\/10\/Chloe-Lucielle-piano-playing-300x183.jpg 300w, https:\/\/chloelucielle.com\/fr\/wp-content\/uploads\/2025\/10\/Chloe-Lucielle-piano-playing-1024x624.jpg 1024w, https:\/\/chloelucielle.com\/fr\/wp-content\/uploads\/2025\/10\/Chloe-Lucielle-piano-playing-768x468.jpg 768w\" sizes=\"(max-width: 1261px) 100vw, 1261px\" title=\"Chlo\u00e9-Lucielle-piano-playing\" alt=\"\" \t\tclass=\"so-widget-image\"\/>\n\t\t\t<\/a><\/div>\n\n<\/div><\/div><div id=\"panel-41-1-1-3\" class=\"so-panel widget widget_sow-image\" data-index=\"9\" ><div\n\t\t\t\n\t\t\tclass=\"so-widget-sow-image so-widget-sow-image-default-8b5b6f678277-41\"\n\t\t\t\n\t\t>\n<div class=\"sow-image-container\">\n\t\t\t<a href=\"https:\/\/chloelucielle.com\/fr\/wp-content\/uploads\/2025\/10\/Chloe-Lucielle-makeup-backstage.jpg\"\n\t\t\t\t\t>\n\t\t\t<img \n\tsrc=\"https:\/\/chloelucielle.com\/fr\/wp-content\/uploads\/2025\/10\/Chloe-Lucielle-makeup-backstage.jpg\" width=\"983\" height=\"896\" srcset=\"https:\/\/chloelucielle.com\/fr\/wp-content\/uploads\/2025\/10\/Chloe-Lucielle-makeup-backstage.jpg 983w, https:\/\/chloelucielle.com\/fr\/wp-content\/uploads\/2025\/10\/Chloe-Lucielle-makeup-backstage-300x273.jpg 300w, https:\/\/chloelucielle.com\/fr\/wp-content\/uploads\/2025\/10\/Chloe-Lucielle-makeup-backstage-768x700.jpg 768w\" sizes=\"(max-width: 983px) 100vw, 983px\" title=\"Chlo\u00e9-Lucielle-makeup-backstage\" alt=\"\" \t\tclass=\"so-widget-image\"\/>\n\t\t\t<\/a><\/div>\n\n<\/div><\/div><div id=\"panel-41-1-1-4\" class=\"so-panel widget widget_sow-image panel-last-child\" data-index=\"10\" ><div\n\t\t\t\n\t\t\tclass=\"so-widget-sow-image so-widget-sow-image-default-8b5b6f678277-41\"\n\t\t\t\n\t\t>\n<div class=\"sow-image-container\">\n\t\t\t<a href=\"https:\/\/chloelucielle.com\/fr\/wp-content\/uploads\/2025\/10\/Chloe-Lucielle-backstage-costumes.jpg\"\n\t\t\t\t\t>\n\t\t\t<img \n\tsrc=\"https:\/\/chloelucielle.com\/fr\/wp-content\/uploads\/2025\/10\/Chloe-Lucielle-backstage-costumes.jpg\" width=\"1024\" height=\"938\" srcset=\"https:\/\/chloelucielle.com\/fr\/wp-content\/uploads\/2025\/10\/Chloe-Lucielle-backstage-costumes.jpg 1024w, https:\/\/chloelucielle.com\/fr\/wp-content\/uploads\/2025\/10\/Chloe-Lucielle-backstage-costumes-300x275.jpg 300w, https:\/\/chloelucielle.com\/fr\/wp-content\/uploads\/2025\/10\/Chloe-Lucielle-backstage-costumes-768x704.jpg 768w\" sizes=\"(max-width: 1024px) 100vw, 1024px\" title=\"Chlo\u00e9-Lucielle-backstage-costumes\" alt=\"\" \t\tclass=\"so-widget-image\"\/>\n\t\t\t<\/a><\/div>\n\n<\/div><\/div><\/div><div id=\"pgc-41-1-2\"  class=\"panel-grid-cell\" ><div id=\"panel-41-1-2-0\" class=\"so-panel widget widget_sow-image panel-first-child\" data-index=\"11\" ><div\n\t\t\t\n\t\t\tclass=\"so-widget-sow-image so-widget-sow-image-default-8b5b6f678277-41\"\n\t\t\t\n\t\t>\n<div class=\"sow-image-container\">\n\t\t\t<a href=\"https:\/\/chloelucielle.com\/fr\/wp-content\/uploads\/2025\/10\/Chloe-Lucielle-friends.jpg\"\n\t\t\t\t\t>\n\t\t\t<img \n\tsrc=\"https:\/\/chloelucielle.com\/fr\/wp-content\/uploads\/2025\/10\/Chloe-Lucielle-friends.jpg\" width=\"1024\" height=\"939\" srcset=\"https:\/\/chloelucielle.com\/fr\/wp-content\/uploads\/2025\/10\/Chloe-Lucielle-friends.jpg 1024w, https:\/\/chloelucielle.com\/fr\/wp-content\/uploads\/2025\/10\/Chloe-Lucielle-friends-300x275.jpg 300w, https:\/\/chloelucielle.com\/fr\/wp-content\/uploads\/2025\/10\/Chloe-Lucielle-friends-768x704.jpg 768w\" sizes=\"(max-width: 1024px) 100vw, 1024px\" title=\"Chlo\u00e9-Lucielle-friends\" alt=\"\" \t\tclass=\"so-widget-image\"\/>\n\t\t\t<\/a><\/div>\n\n<\/div><\/div><div id=\"panel-41-1-2-1\" class=\"so-panel widget widget_sow-image\" data-index=\"12\" ><div\n\t\t\t\n\t\t\tclass=\"so-widget-sow-image so-widget-sow-image-default-8b5b6f678277-41\"\n\t\t\t\n\t\t>\n<div class=\"sow-image-container\">\n\t\t\t<a href=\"https:\/\/chloelucielle.com\/fr\/wp-content\/uploads\/2025\/10\/Chloe-Lucielle-scene.jpg\"\n\t\t\t\t\t>\n\t\t\t<img \n\tsrc=\"https:\/\/chloelucielle.com\/fr\/wp-content\/uploads\/2025\/10\/Chloe-Lucielle-scene.jpg\" width=\"1067\" height=\"887\" srcset=\"https:\/\/chloelucielle.com\/fr\/wp-content\/uploads\/2025\/10\/Chloe-Lucielle-scene.jpg 1067w, https:\/\/chloelucielle.com\/fr\/wp-content\/uploads\/2025\/10\/Chloe-Lucielle-scene-300x249.jpg 300w, https:\/\/chloelucielle.com\/fr\/wp-content\/uploads\/2025\/10\/Chloe-Lucielle-scene-1024x851.jpg 1024w, https:\/\/chloelucielle.com\/fr\/wp-content\/uploads\/2025\/10\/Chloe-Lucielle-scene-768x638.jpg 768w\" sizes=\"(max-width: 1067px) 100vw, 1067px\" title=\"Chlo\u00e9-Lucielle-scene\" alt=\"\" \t\tclass=\"so-widget-image\"\/>\n\t\t\t<\/a><\/div>\n\n<\/div><\/div><div id=\"panel-41-1-2-2\" class=\"so-panel widget widget_sow-image\" data-index=\"13\" ><div\n\t\t\t\n\t\t\tclass=\"so-widget-sow-image so-widget-sow-image-default-8b5b6f678277-41\"\n\t\t\t\n\t\t>\n<div class=\"sow-image-container\">\n\t\t\t<a href=\"https:\/\/chloelucielle.com\/fr\/wp-content\/uploads\/2025\/10\/Chloe-Lucielle-bar-paris.jpg\"\n\t\t\t\t\t>\n\t\t\t<img \n\tsrc=\"https:\/\/chloelucielle.com\/fr\/wp-content\/uploads\/2025\/10\/Chloe-Lucielle-bar-paris.jpg\" width=\"1072\" height=\"893\" srcset=\"https:\/\/chloelucielle.com\/fr\/wp-content\/uploads\/2025\/10\/Chloe-Lucielle-bar-paris.jpg 1072w, https:\/\/chloelucielle.com\/fr\/wp-content\/uploads\/2025\/10\/Chloe-Lucielle-bar-paris-300x250.jpg 300w, https:\/\/chloelucielle.com\/fr\/wp-content\/uploads\/2025\/10\/Chloe-Lucielle-bar-paris-1024x853.jpg 1024w, https:\/\/chloelucielle.com\/fr\/wp-content\/uploads\/2025\/10\/Chloe-Lucielle-bar-paris-768x640.jpg 768w\" sizes=\"(max-width: 1072px) 100vw, 1072px\" title=\"Chlo\u00e9-Lucielle-bar-paris\" alt=\"\" \t\tclass=\"so-widget-image\"\/>\n\t\t\t<\/a><\/div>\n\n<\/div><\/div><div id=\"panel-41-1-2-3\" class=\"so-panel widget widget_sow-image\" data-index=\"14\" ><div\n\t\t\t\n\t\t\tclass=\"so-widget-sow-image so-widget-sow-image-default-8b5b6f678277-41\"\n\t\t\t\n\t\t>\n<div class=\"sow-image-container\">\n\t\t\t<a href=\"https:\/\/chloelucielle.com\/fr\/wp-content\/uploads\/2025\/10\/Chloe-Lucielle-tour-eiffel.jpg\"\n\t\t\t\t\t>\n\t\t\t<img \n\tsrc=\"https:\/\/chloelucielle.com\/fr\/wp-content\/uploads\/2025\/10\/Chloe-Lucielle-tour-eiffel.jpg\" width=\"1072\" height=\"896\" srcset=\"https:\/\/chloelucielle.com\/fr\/wp-content\/uploads\/2025\/10\/Chloe-Lucielle-tour-eiffel.jpg 1072w, https:\/\/chloelucielle.com\/fr\/wp-content\/uploads\/2025\/10\/Chloe-Lucielle-tour-eiffel-300x251.jpg 300w, https:\/\/chloelucielle.com\/fr\/wp-content\/uploads\/2025\/10\/Chloe-Lucielle-tour-eiffel-1024x856.jpg 1024w, https:\/\/chloelucielle.com\/fr\/wp-content\/uploads\/2025\/10\/Chloe-Lucielle-tour-eiffel-768x642.jpg 768w\" sizes=\"(max-width: 1072px) 100vw, 1072px\" title=\"Chlo\u00e9-Lucielle-tour-eiffel\" alt=\"\" \t\tclass=\"so-widget-image\"\/>\n\t\t\t<\/a><\/div>\n\n<\/div><\/div><div id=\"panel-41-1-2-4\" class=\"so-panel widget widget_sow-image panel-last-child\" data-index=\"15\" ><div\n\t\t\t\n\t\t\tclass=\"so-widget-sow-image so-widget-sow-image-default-8b5b6f678277-41\"\n\t\t\t\n\t\t>\n<div class=\"sow-image-container\">\n\t\t\t<a href=\"https:\/\/chloelucielle.com\/fr\/wp-content\/uploads\/2025\/10\/Chloe-Lucielle-makeup-stage.jpg\"\n\t\t\t\t\t>\n\t\t\t<img \n\tsrc=\"https:\/\/chloelucielle.com\/fr\/wp-content\/uploads\/2025\/10\/Chloe-Lucielle-makeup-stage.jpg\" width=\"1071\" height=\"895\" srcset=\"https:\/\/chloelucielle.com\/fr\/wp-content\/uploads\/2025\/10\/Chloe-Lucielle-makeup-stage.jpg 1071w, https:\/\/chloelucielle.com\/fr\/wp-content\/uploads\/2025\/10\/Chloe-Lucielle-makeup-stage-300x251.jpg 300w, https:\/\/chloelucielle.com\/fr\/wp-content\/uploads\/2025\/10\/Chloe-Lucielle-makeup-stage-1024x856.jpg 1024w, https:\/\/chloelucielle.com\/fr\/wp-content\/uploads\/2025\/10\/Chloe-Lucielle-makeup-stage-768x642.jpg 768w\" sizes=\"(max-width: 1071px) 100vw, 1071px\" title=\"Chlo\u00e9-Lucielle-makeup-stage\" alt=\"\" \t\tclass=\"so-widget-image\"\/>\n\t\t\t<\/a><\/div>\n\n<\/div><\/div><\/div><\/div><\/div>","protected":false},"excerpt":{"rendered":"<p>Photos<\/p>\n","protected":false},"author":1,"featured_media":8,"parent":0,"menu_order":0,"comment_status":"closed","ping_status":"closed","template":"","meta":{"inline_featured_image":false,"footnotes":""},"class_list":["post-41","page","type-page","status-publish","has-post-thumbnail","hentry"],"yoast_head":"<!-- This site is optimized with the Yoast SEO plugin v26.4 - https:\/\/yoast.com\/wordpress\/plugins\/seo\/ -->\n<title>Photos - Chlo\u00e9 Lucielle<\/title>\n<meta name=\"description\" content=\"Les derni\u00e8res photos de Chlo\u00e9 Lucielle lors de ses performances musicales, de ses engagements publics et en coulisses avec ses amis.\" \/>\n<meta name=\"robots\" content=\"index, follow, max-snippet:-1, max-image-preview:large, max-video-preview:-1\" \/>\n<link rel=\"canonical\" href=\"https:\/\/chloelucielle.com\/fr\/photos\/\" \/>\n<meta property=\"og:locale\" content=\"fr_FR\" \/>\n<meta property=\"og:type\" content=\"article\" \/>\n<meta property=\"og:title\" content=\"Photos - Chlo\u00e9 Lucielle\" \/>\n<meta property=\"og:description\" content=\"Les derni\u00e8res photos de Chlo\u00e9 Lucielle lors de ses performances musicales, de ses engagements publics et en coulisses avec ses amis.\" \/>\n<meta property=\"og:url\" content=\"https:\/\/chloelucielle.com\/fr\/photos\/\" \/>\n<meta property=\"og:site_name\" content=\"Chlo\u00e9 Lucielle\" \/>\n<meta property=\"article:modified_time\" content=\"2025-11-03T12:16:31+00:00\" \/>\n<meta property=\"og:image\" content=\"https:\/\/chloelucielle.com\/fr\/wp-content\/uploads\/2025\/10\/Chloe-Lucielle-profil.jpg\" \/>\n\t<meta property=\"og:image:width\" content=\"1043\" \/>\n\t<meta property=\"og:image:height\" content=\"864\" \/>\n\t<meta property=\"og:image:type\" content=\"image\/jpeg\" \/>\n<meta name=\"twitter:card\" content=\"summary_large_image\" \/>\n<meta name=\"twitter:label1\" content=\"Dur\u00e9e de lecture estim\u00e9e\" \/>\n\t<meta name=\"twitter:data1\" content=\"4 minutes\" \/>\n<script type=\"application\/ld+json\" class=\"yoast-schema-graph\">{\"@context\":\"https:\/\/schema.org\",\"@graph\":[{\"@type\":\"WebPage\",\"@id\":\"https:\/\/chloelucielle.com\/fr\/photos\/\",\"url\":\"https:\/\/chloelucielle.com\/fr\/photos\/\",\"name\":\"Photos - Chlo\u00e9 Lucielle\",\"isPartOf\":{\"@id\":\"https:\/\/chloelucielle.com\/fr\/#website\"},\"primaryImageOfPage\":{\"@id\":\"https:\/\/chloelucielle.com\/fr\/photos\/#primaryimage\"},\"image\":{\"@id\":\"https:\/\/chloelucielle.com\/fr\/photos\/#primaryimage\"},\"thumbnailUrl\":\"https:\/\/chloelucielle.com\/fr\/wp-content\/uploads\/2025\/10\/Chloe-Lucielle-profil.jpg\",\"datePublished\":\"2025-10-25T17:07:38+00:00\",\"dateModified\":\"2025-11-03T12:16:31+00:00\",\"description\":\"Les derni\u00e8res photos de Chlo\u00e9 Lucielle lors de ses performances musicales, de ses engagements publics et en coulisses avec ses amis.\",\"breadcrumb\":{\"@id\":\"https:\/\/chloelucielle.com\/fr\/photos\/#breadcrumb\"},\"inLanguage\":\"fr-FR\",\"potentialAction\":[{\"@type\":\"ReadAction\",\"target\":[\"https:\/\/chloelucielle.com\/fr\/photos\/\"]}]},{\"@type\":\"ImageObject\",\"inLanguage\":\"fr-FR\",\"@id\":\"https:\/\/chloelucielle.com\/fr\/photos\/#primaryimage\",\"url\":\"https:\/\/chloelucielle.com\/fr\/wp-content\/uploads\/2025\/10\/Chloe-Lucielle-profil.jpg\",\"contentUrl\":\"https:\/\/chloelucielle.com\/fr\/wp-content\/uploads\/2025\/10\/Chloe-Lucielle-profil.jpg\",\"width\":1043,\"height\":864},{\"@type\":\"BreadcrumbList\",\"@id\":\"https:\/\/chloelucielle.com\/fr\/photos\/#breadcrumb\",\"itemListElement\":[{\"@type\":\"ListItem\",\"position\":1,\"name\":\"Home\",\"item\":\"https:\/\/chloelucielle.com\/fr\/\"},{\"@type\":\"ListItem\",\"position\":2,\"name\":\"Photos\"}]},{\"@type\":\"WebSite\",\"@id\":\"https:\/\/chloelucielle.com\/fr\/#website\",\"url\":\"https:\/\/chloelucielle.com\/fr\/\",\"name\":\"Chlo\u00e9 Lucielle\",\"description\":\"Chanteuse\/compositrice\",\"publisher\":{\"@id\":\"https:\/\/chloelucielle.com\/fr\/#\/schema\/person\/86a9793694b2caf14a0bc07b6bf4df23\"},\"potentialAction\":[{\"@type\":\"SearchAction\",\"target\":{\"@type\":\"EntryPoint\",\"urlTemplate\":\"https:\/\/chloelucielle.com\/fr\/?s={search_term_string}\"},\"query-input\":{\"@type\":\"PropertyValueSpecification\",\"valueRequired\":true,\"valueName\":\"search_term_string\"}}],\"inLanguage\":\"fr-FR\"},{\"@type\":[\"Person\",\"Organization\"],\"@id\":\"https:\/\/chloelucielle.com\/fr\/#\/schema\/person\/86a9793694b2caf14a0bc07b6bf4df23\",\"name\":\"Team Chlo\u00e9 Lucielle\",\"image\":{\"@type\":\"ImageObject\",\"inLanguage\":\"fr-FR\",\"@id\":\"https:\/\/chloelucielle.com\/fr\/#\/schema\/person\/image\/\",\"url\":\"https:\/\/chloelucielle.com\/fr\/wp-content\/uploads\/2025\/10\/Chloe-Lucielle-close.png\",\"contentUrl\":\"https:\/\/chloelucielle.com\/fr\/wp-content\/uploads\/2025\/10\/Chloe-Lucielle-close.png\",\"width\":1202,\"height\":768,\"caption\":\"Team Chlo\u00e9 Lucielle\"},\"logo\":{\"@id\":\"https:\/\/chloelucielle.com\/fr\/#\/schema\/person\/image\/\"},\"sameAs\":[\"https:\/\/chloelucielle.com\/fr\"]}]}<\/script>\n<!-- \/ Yoast SEO plugin. -->","yoast_head_json":{"title":"Photos - Chlo\u00e9 Lucielle","description":"Les derni\u00e8res photos de Chlo\u00e9 Lucielle lors de ses performances musicales, de ses engagements publics et en coulisses avec ses amis.","robots":{"index":"index","follow":"follow","max-snippet":"max-snippet:-1","max-image-preview":"max-image-preview:large","max-video-preview":"max-video-preview:-1"},"canonical":"https:\/\/chloelucielle.com\/fr\/photos\/","og_locale":"fr_FR","og_type":"article","og_title":"Photos - Chlo\u00e9 Lucielle","og_description":"Les derni\u00e8res photos de Chlo\u00e9 Lucielle lors de ses performances musicales, de ses engagements publics et en coulisses avec ses amis.","og_url":"https:\/\/chloelucielle.com\/fr\/photos\/","og_site_name":"Chlo\u00e9 Lucielle","article_modified_time":"2025-11-03T12:16:31+00:00","og_image":[{"width":1043,"height":864,"url":"https:\/\/chloelucielle.com\/fr\/wp-content\/uploads\/2025\/10\/Chloe-Lucielle-profil.jpg","type":"image\/jpeg"}],"twitter_card":"summary_large_image","twitter_misc":{"Dur\u00e9e de lecture estim\u00e9e":"4 minutes"},"schema":{"@context":"https:\/\/schema.org","@graph":[{"@type":"WebPage","@id":"https:\/\/chloelucielle.com\/fr\/photos\/","url":"https:\/\/chloelucielle.com\/fr\/photos\/","name":"Photos - Chlo\u00e9 Lucielle","isPartOf":{"@id":"https:\/\/chloelucielle.com\/fr\/#website"},"primaryImageOfPage":{"@id":"https:\/\/chloelucielle.com\/fr\/photos\/#primaryimage"},"image":{"@id":"https:\/\/chloelucielle.com\/fr\/photos\/#primaryimage"},"thumbnailUrl":"https:\/\/chloelucielle.com\/fr\/wp-content\/uploads\/2025\/10\/Chloe-Lucielle-profil.jpg","datePublished":"2025-10-25T17:07:38+00:00","dateModified":"2025-11-03T12:16:31+00:00","description":"Les derni\u00e8res photos de Chlo\u00e9 Lucielle lors de ses performances musicales, de ses engagements publics et en coulisses avec ses amis.","breadcrumb":{"@id":"https:\/\/chloelucielle.com\/fr\/photos\/#breadcrumb"},"inLanguage":"fr-FR","potentialAction":[{"@type":"ReadAction","target":["https:\/\/chloelucielle.com\/fr\/photos\/"]}]},{"@type":"ImageObject","inLanguage":"fr-FR","@id":"https:\/\/chloelucielle.com\/fr\/photos\/#primaryimage","url":"https:\/\/chloelucielle.com\/fr\/wp-content\/uploads\/2025\/10\/Chloe-Lucielle-profil.jpg","contentUrl":"https:\/\/chloelucielle.com\/fr\/wp-content\/uploads\/2025\/10\/Chloe-Lucielle-profil.jpg","width":1043,"height":864},{"@type":"BreadcrumbList","@id":"https:\/\/chloelucielle.com\/fr\/photos\/#breadcrumb","itemListElement":[{"@type":"ListItem","position":1,"name":"Home","item":"https:\/\/chloelucielle.com\/fr\/"},{"@type":"ListItem","position":2,"name":"Photos"}]},{"@type":"WebSite","@id":"https:\/\/chloelucielle.com\/fr\/#website","url":"https:\/\/chloelucielle.com\/fr\/","name":"Chlo\u00e9 Lucielle","description":"Chanteuse\/compositrice","publisher":{"@id":"https:\/\/chloelucielle.com\/fr\/#\/schema\/person\/86a9793694b2caf14a0bc07b6bf4df23"},"potentialAction":[{"@type":"SearchAction","target":{"@type":"EntryPoint","urlTemplate":"https:\/\/chloelucielle.com\/fr\/?s={search_term_string}"},"query-input":{"@type":"PropertyValueSpecification","valueRequired":true,"valueName":"search_term_string"}}],"inLanguage":"fr-FR"},{"@type":["Person","Organization"],"@id":"https:\/\/chloelucielle.com\/fr\/#\/schema\/person\/86a9793694b2caf14a0bc07b6bf4df23","name":"Team Chlo\u00e9 Lucielle","image":{"@type":"ImageObject","inLanguage":"fr-FR","@id":"https:\/\/chloelucielle.com\/fr\/#\/schema\/person\/image\/","url":"https:\/\/chloelucielle.com\/fr\/wp-content\/uploads\/2025\/10\/Chloe-Lucielle-close.png","contentUrl":"https:\/\/chloelucielle.com\/fr\/wp-content\/uploads\/2025\/10\/Chloe-Lucielle-close.png","width":1202,"height":768,"caption":"Team Chlo\u00e9 Lucielle"},"logo":{"@id":"https:\/\/chloelucielle.com\/fr\/#\/schema\/person\/image\/"},"sameAs":["https:\/\/chloelucielle.com\/fr"]}]}},"_links":{"self":[{"href":"https:\/\/chloelucielle.com\/fr\/wp-json\/wp\/v2\/pages\/41","targetHints":{"allow":["GET"]}}],"collection":[{"href":"https:\/\/chloelucielle.com\/fr\/wp-json\/wp\/v2\/pages"}],"about":[{"href":"https:\/\/chloelucielle.com\/fr\/wp-json\/wp\/v2\/types\/page"}],"author":[{"embeddable":true,"href":"https:\/\/chloelucielle.com\/fr\/wp-json\/wp\/v2\/users\/1"}],"replies":[{"embeddable":true,"href":"https:\/\/chloelucielle.com\/fr\/wp-json\/wp\/v2\/comments?post=41"}],"version-history":[{"count":15,"href":"https:\/\/chloelucielle.com\/fr\/wp-json\/wp\/v2\/pages\/41\/revisions"}],"predecessor-version":[{"id":77,"href":"https:\/\/chloelucielle.com\/fr\/wp-json\/wp\/v2\/pages\/41\/revisions\/77"}],"wp:featuredmedia":[{"embeddable":true,"href":"https:\/\/chloelucielle.com\/fr\/wp-json\/wp\/v2\/media\/8"}],"wp:attachment":[{"href":"https:\/\/chloelucielle.com\/fr\/wp-json\/wp\/v2\/media?parent=41"}],"curies":[{"name":"wp","href":"https:\/\/api.w.org\/{rel}","templated":true}]}}